{"id":6066,"date":"2026-02-10T23:30:33","date_gmt":"2026-02-11T04:30:33","guid":{"rendered":"https:\/\/viveint.com\/wp\/?post_type=product&#038;p=6066"},"modified":"2026-02-10T23:30:33","modified_gmt":"2026-02-11T04:30:33","slug":"estacion-de-carga-portatil-pecron-e1000lfp-inversor-1800w","status":"publish","type":"product","link":"https:\/\/viveint.com\/wp\/product\/estacion-de-carga-portatil-pecron-e1000lfp-inversor-1800w\/","title":{"rendered":"Estaci\u00f3n de Carga Port\u00e1til PECRON E1000LFP INVERSOR 1800W"},"content":{"rendered":"<p data-start=\"330\" data-end=\"601\">La <strong data-start=\"333\" data-end=\"370\">Estaci\u00f3n de Carga Port\u00e1til PECRON<\/strong> es una soluci\u00f3n de energ\u00eda vers\u00e1til y de alta demanda, ideal para distribuidores y vendedores al por menor que buscan productos con excelente rotaci\u00f3n en los segmentos de camping, emergencias, trabajo m\u00f3vil y respaldo residencial.<\/p>\n<p data-start=\"603\" data-end=\"875\">Dise\u00f1ada con tecnolog\u00eda avanzada de bater\u00edas y sistema de protecci\u00f3n inteligente (BMS integrado), esta estaci\u00f3n ofrece seguridad, durabilidad y m\u00faltiples opciones de carga, convirti\u00e9ndose en una opci\u00f3n atractiva para el consumidor final que busca independencia energ\u00e9tica.<\/p>\n<ul>\n<li data-start=\"1321\" data-end=\"1387\">\n<p data-start=\"1323\" data-end=\"1387\">Categor\u00eda en crecimiento: energ\u00eda port\u00e1til y respaldo el\u00e9ctrico.<\/p>\n<\/li>\n<li data-start=\"1388\" data-end=\"1441\">\n<p data-start=\"1390\" data-end=\"1441\">Producto premium con excelente percepci\u00f3n de valor.<\/p>\n<\/li>\n<li data-start=\"1442\" data-end=\"1518\">\n<p data-start=\"1444\" data-end=\"1518\">Atractivo para m\u00faltiples nichos: hogar, outdoor, construcci\u00f3n, tecnolog\u00eda.<\/p>\n<\/li>\n<li data-start=\"1573\" data-end=\"1645\">\n<p data-start=\"1575\" data-end=\"1645\">Ideal para ventas en ferreter\u00edas, tiendas tecnol\u00f3gicas y marketplaces.<\/p>\n<\/li>\n<\/ul>\n","protected":false},"excerpt":{"rendered":"<p>La Estaci\u00f3n de Carga Port\u00e1til PECRON es una soluci\u00f3n de energ\u00eda vers\u00e1til y de alta demanda, ideal para distribuidores y vendedores al por menor que buscan productos con excelente rotaci\u00f3n en los segmentos de camping, emergencias, trabajo m\u00f3vil y respaldo residencial. Dise\u00f1ada con tecnolog\u00eda avanzada de bater\u00edas y sistema de protecci\u00f3n inteligente (BMS integrado), esta [&hellip;]<\/p>\n","protected":false},"featured_media":6067,"comment_status":"open","ping_status":"closed","template":"","meta":{"_surecart_dashboard_logo_width":"180px","_surecart_dashboard_show_logo":true,"_surecart_dashboard_navigation_orders":true,"_surecart_dashboard_navigation_subscriptions":true,"_surecart_dashboard_navigation_downloads":true,"_surecart_dashboard_navigation_billing":true,"_surecart_dashboard_navigation_account":true,"site-sidebar-layout":"default","site-content-layout":"","ast-site-content-layout":"default","site-content-style":"default","site-sidebar-style":"default","ast-global-header-display":"","ast-banner-title-visibility":"","ast-main-header-display":"","ast-hfb-above-header-display":"","ast-hfb-below-header-display":"","ast-hfb-mobile-header-display":"","site-post-title":"","ast-breadcrumbs-content":"","ast-featured-img":"","footer-sml-layout":"","theme-transparent-header-meta":"default","adv-header-id-meta":"","stick-header-meta":"","header-above-stick-meta":"","header-main-stick-meta":"","header-below-stick-meta":"","astra-migrate-meta-layouts":"set","ast-page-background-enabled":"default","ast-page-background-meta":{"desktop":{"background-color":"","background-image":"","background-repeat":"repeat","background-position":"center center","background-size":"auto","background-attachment":"scroll","background-type":"","background-media":"","overlay-type":"","overlay-color":"","overlay-opacity":"","overlay-gradient":""},"tablet":{"background-color":"","background-image":"","background-repeat":"repeat","background-position":"center center","background-size":"auto","background-attachment":"scroll","background-type":"","background-media":"","overlay-type":"","overlay-color":"","overlay-opacity":"","overlay-gradient":""},"mobile":{"background-color":"","background-image":"","background-repeat":"repeat","background-position":"center center","background-size":"auto","background-attachment":"scroll","background-type":"","background-media":"","overlay-type":"","overlay-color":"","overlay-opacity":"","overlay-gradient":""}},"ast-content-background-meta":{"desktop":{"background-color":"var(--ast-global-color-5)","background-image":"","background-repeat":"repeat","background-position":"center center","background-size":"auto","background-attachment":"scroll","background-type":"","background-media":"","overlay-type":"","overlay-color":"","overlay-opacity":"","overlay-gradient":""},"tablet":{"background-color":"var(--ast-global-color-5)","background-image":"","background-repeat":"repeat","background-position":"center center","background-size":"auto","background-attachment":"scroll","background-type":"","background-media":"","overlay-type":"","overlay-color":"","overlay-opacity":"","overlay-gradient":""},"mobile":{"background-color":"var(--ast-global-color-5)","background-image":"","background-repeat":"repeat","background-position":"center center","background-size":"auto","background-attachment":"scroll","background-type":"","background-media":"","overlay-type":"","overlay-color":"","overlay-opacity":"","overlay-gradient":""}}},"product_cat":[62],"product_tag":[],"class_list":{"0":"post-6066","1":"product","2":"type-product","3":"status-publish","4":"has-post-thumbnail","6":"product_cat-baterias","7":"desktop-align-left","8":"tablet-align-left","9":"mobile-align-left","11":"first","12":"instock","13":"shipping-taxable","14":"product-type-simple"},"yoast_head":"<!-- This site is optimized with the Yoast SEO plugin v24.0 - https:\/\/yoast.com\/wordpress\/plugins\/seo\/ -->\n<title>Estaci\u00f3n de Carga Port\u00e1til PECRON E1000LFP INVERSOR 1800W - VIVE INTERNACIONAL, S.A<\/title>\n<meta name=\"robots\" content=\"index, follow, max-snippet:-1, max-image-preview:large, max-video-preview:-1\" \/>\n<link rel=\"canonical\" href=\"https:\/\/viveint.com\/wp\/product\/estacion-de-carga-portatil-pecron-e1000lfp-inversor-1800w\/\" \/>\n<meta property=\"og:locale\" content=\"es_ES\" \/>\n<meta property=\"og:type\" content=\"article\" \/>\n<meta property=\"og:title\" content=\"Estaci\u00f3n de Carga Port\u00e1til PECRON E1000LFP INVERSOR 1800W - VIVE INTERNACIONAL, S.A\" \/>\n<meta property=\"og:description\" content=\"La Estaci\u00f3n de Carga Port\u00e1til PECRON es una soluci\u00f3n de energ\u00eda vers\u00e1til y de alta demanda, ideal para distribuidores y vendedores al por menor que buscan productos con excelente rotaci\u00f3n en los segmentos de camping, emergencias, trabajo m\u00f3vil y respaldo residencial. Dise\u00f1ada con tecnolog\u00eda avanzada de bater\u00edas y sistema de protecci\u00f3n inteligente (BMS integrado), esta [&hellip;]\" \/>\n<meta property=\"og:url\" content=\"https:\/\/viveint.com\/wp\/product\/estacion-de-carga-portatil-pecron-e1000lfp-inversor-1800w\/\" \/>\n<meta property=\"og:site_name\" content=\"VIVE INTERNACIONAL, S.A\" \/>\n<meta property=\"article:publisher\" content=\"https:\/\/www.facebook.com\/people\/Vive-Internacional\/100093043990181\/\" \/>\n<meta property=\"og:image\" content=\"https:\/\/viveint.com\/wp-content\/uploads\/2026\/02\/pagina_003.png\" \/>\n\t<meta property=\"og:image:width\" content=\"1688\" \/>\n\t<meta property=\"og:image:height\" content=\"1688\" \/>\n\t<meta property=\"og:image:type\" content=\"image\/png\" \/>\n<meta name=\"twitter:card\" content=\"summary_large_image\" \/>\n<meta name=\"twitter:label1\" content=\"Tiempo de lectura\" \/>\n\t<meta name=\"twitter:data1\" content=\"1 minuto\" \/>\n<script type=\"application\/ld+json\" class=\"yoast-schema-graph\">{\"@context\":\"https:\/\/schema.org\",\"@graph\":[{\"@type\":\"WebPage\",\"@id\":\"https:\/\/viveint.com\/wp\/product\/estacion-de-carga-portatil-pecron-e1000lfp-inversor-1800w\/\",\"url\":\"https:\/\/viveint.com\/wp\/product\/estacion-de-carga-portatil-pecron-e1000lfp-inversor-1800w\/\",\"name\":\"Estaci\u00f3n de Carga Port\u00e1til PECRON E1000LFP INVERSOR 1800W - VIVE INTERNACIONAL, S.A\",\"isPartOf\":{\"@id\":\"https:\/\/viveint.com\/wp\/#website\"},\"primaryImageOfPage\":{\"@id\":\"https:\/\/viveint.com\/wp\/product\/estacion-de-carga-portatil-pecron-e1000lfp-inversor-1800w\/#primaryimage\"},\"image\":{\"@id\":\"https:\/\/viveint.com\/wp\/product\/estacion-de-carga-portatil-pecron-e1000lfp-inversor-1800w\/#primaryimage\"},\"thumbnailUrl\":\"https:\/\/viveint.com\/wp-content\/uploads\/2026\/02\/pagina_003.png\",\"datePublished\":\"2026-02-11T04:30:33+00:00\",\"dateModified\":\"2026-02-11T04:30:33+00:00\",\"breadcrumb\":{\"@id\":\"https:\/\/viveint.com\/wp\/product\/estacion-de-carga-portatil-pecron-e1000lfp-inversor-1800w\/#breadcrumb\"},\"inLanguage\":\"es\",\"potentialAction\":[{\"@type\":\"ReadAction\",\"target\":[\"https:\/\/viveint.com\/wp\/product\/estacion-de-carga-portatil-pecron-e1000lfp-inversor-1800w\/\"]}]},{\"@type\":\"ImageObject\",\"inLanguage\":\"es\",\"@id\":\"https:\/\/viveint.com\/wp\/product\/estacion-de-carga-portatil-pecron-e1000lfp-inversor-1800w\/#primaryimage\",\"url\":\"https:\/\/viveint.com\/wp-content\/uploads\/2026\/02\/pagina_003.png\",\"contentUrl\":\"https:\/\/viveint.com\/wp-content\/uploads\/2026\/02\/pagina_003.png\",\"width\":1688,\"height\":1688},{\"@type\":\"BreadcrumbList\",\"@id\":\"https:\/\/viveint.com\/wp\/product\/estacion-de-carga-portatil-pecron-e1000lfp-inversor-1800w\/#breadcrumb\",\"itemListElement\":[{\"@type\":\"ListItem\",\"position\":1,\"name\":\"Portada\",\"item\":\"https:\/\/viveint.com\/wp\/\"},{\"@type\":\"ListItem\",\"position\":2,\"name\":\"Cat\u00e1logo\",\"item\":\"https:\/\/viveint.com\/wp\/catalogo\/\"},{\"@type\":\"ListItem\",\"position\":3,\"name\":\"Estaci\u00f3n de Carga Port\u00e1til PECRON E1000LFP INVERSOR 1800W\"}]},{\"@type\":\"WebSite\",\"@id\":\"https:\/\/viveint.com\/wp\/#website\",\"url\":\"https:\/\/viveint.com\/wp\/\",\"name\":\"VIVE INTERNACIONAL, S.A\",\"description\":\"Distribuidora de productos electr\u00f3nicos y electrodom\u00e9sticos variados al por mayor.\",\"publisher\":{\"@id\":\"https:\/\/viveint.com\/wp\/#organization\"},\"potentialAction\":[{\"@type\":\"SearchAction\",\"target\":{\"@type\":\"EntryPoint\",\"urlTemplate\":\"https:\/\/viveint.com\/wp\/?s={search_term_string}\"},\"query-input\":{\"@type\":\"PropertyValueSpecification\",\"valueRequired\":true,\"valueName\":\"search_term_string\"}}],\"inLanguage\":\"es\"},{\"@type\":\"Organization\",\"@id\":\"https:\/\/viveint.com\/wp\/#organization\",\"name\":\"VIVE INTERNACIONAL, S.A\",\"url\":\"https:\/\/viveint.com\/wp\/\",\"logo\":{\"@type\":\"ImageObject\",\"inLanguage\":\"es\",\"@id\":\"https:\/\/viveint.com\/wp\/#\/schema\/logo\/image\/\",\"url\":\"https:\/\/viveint.com\/wp-content\/uploads\/2024\/10\/VIVE-512x512-1.png\",\"contentUrl\":\"https:\/\/viveint.com\/wp-content\/uploads\/2024\/10\/VIVE-512x512-1.png\",\"width\":512,\"height\":512,\"caption\":\"VIVE INTERNACIONAL, S.A\"},\"image\":{\"@id\":\"https:\/\/viveint.com\/wp\/#\/schema\/logo\/image\/\"},\"sameAs\":[\"https:\/\/www.facebook.com\/people\/Vive-Internacional\/100093043990181\/\",\"https:\/\/www.instagram.com\/vive_internacional\/\"]}]}<\/script>\n<!-- \/ Yoast SEO plugin. -->","yoast_head_json":{"title":"Estaci\u00f3n de Carga Port\u00e1til PECRON E1000LFP INVERSOR 1800W - VIVE INTERNACIONAL, S.A","robots":{"index":"index","follow":"follow","max-snippet":"max-snippet:-1","max-image-preview":"max-image-preview:large","max-video-preview":"max-video-preview:-1"},"canonical":"https:\/\/viveint.com\/wp\/product\/estacion-de-carga-portatil-pecron-e1000lfp-inversor-1800w\/","og_locale":"es_ES","og_type":"article","og_title":"Estaci\u00f3n de Carga Port\u00e1til PECRON E1000LFP INVERSOR 1800W - VIVE INTERNACIONAL, S.A","og_description":"La Estaci\u00f3n de Carga Port\u00e1til PECRON es una soluci\u00f3n de energ\u00eda vers\u00e1til y de alta demanda, ideal para distribuidores y vendedores al por menor que buscan productos con excelente rotaci\u00f3n en los segmentos de camping, emergencias, trabajo m\u00f3vil y respaldo residencial. Dise\u00f1ada con tecnolog\u00eda avanzada de bater\u00edas y sistema de protecci\u00f3n inteligente (BMS integrado), esta [&hellip;]","og_url":"https:\/\/viveint.com\/wp\/product\/estacion-de-carga-portatil-pecron-e1000lfp-inversor-1800w\/","og_site_name":"VIVE INTERNACIONAL, S.A","article_publisher":"https:\/\/www.facebook.com\/people\/Vive-Internacional\/100093043990181\/","og_image":[{"width":1688,"height":1688,"url":"https:\/\/viveint.com\/wp-content\/uploads\/2026\/02\/pagina_003.png","type":"image\/png"}],"twitter_card":"summary_large_image","twitter_misc":{"Tiempo de lectura":"1 minuto"},"schema":{"@context":"https:\/\/schema.org","@graph":[{"@type":"WebPage","@id":"https:\/\/viveint.com\/wp\/product\/estacion-de-carga-portatil-pecron-e1000lfp-inversor-1800w\/","url":"https:\/\/viveint.com\/wp\/product\/estacion-de-carga-portatil-pecron-e1000lfp-inversor-1800w\/","name":"Estaci\u00f3n de Carga Port\u00e1til PECRON E1000LFP INVERSOR 1800W - VIVE INTERNACIONAL, S.A","isPartOf":{"@id":"https:\/\/viveint.com\/wp\/#website"},"primaryImageOfPage":{"@id":"https:\/\/viveint.com\/wp\/product\/estacion-de-carga-portatil-pecron-e1000lfp-inversor-1800w\/#primaryimage"},"image":{"@id":"https:\/\/viveint.com\/wp\/product\/estacion-de-carga-portatil-pecron-e1000lfp-inversor-1800w\/#primaryimage"},"thumbnailUrl":"https:\/\/viveint.com\/wp-content\/uploads\/2026\/02\/pagina_003.png","datePublished":"2026-02-11T04:30:33+00:00","dateModified":"2026-02-11T04:30:33+00:00","breadcrumb":{"@id":"https:\/\/viveint.com\/wp\/product\/estacion-de-carga-portatil-pecron-e1000lfp-inversor-1800w\/#breadcrumb"},"inLanguage":"es","potentialAction":[{"@type":"ReadAction","target":["https:\/\/viveint.com\/wp\/product\/estacion-de-carga-portatil-pecron-e1000lfp-inversor-1800w\/"]}]},{"@type":"ImageObject","inLanguage":"es","@id":"https:\/\/viveint.com\/wp\/product\/estacion-de-carga-portatil-pecron-e1000lfp-inversor-1800w\/#primaryimage","url":"https:\/\/viveint.com\/wp-content\/uploads\/2026\/02\/pagina_003.png","contentUrl":"https:\/\/viveint.com\/wp-content\/uploads\/2026\/02\/pagina_003.png","width":1688,"height":1688},{"@type":"BreadcrumbList","@id":"https:\/\/viveint.com\/wp\/product\/estacion-de-carga-portatil-pecron-e1000lfp-inversor-1800w\/#breadcrumb","itemListElement":[{"@type":"ListItem","position":1,"name":"Portada","item":"https:\/\/viveint.com\/wp\/"},{"@type":"ListItem","position":2,"name":"Cat\u00e1logo","item":"https:\/\/viveint.com\/wp\/catalogo\/"},{"@type":"ListItem","position":3,"name":"Estaci\u00f3n de Carga Port\u00e1til PECRON E1000LFP INVERSOR 1800W"}]},{"@type":"WebSite","@id":"https:\/\/viveint.com\/wp\/#website","url":"https:\/\/viveint.com\/wp\/","name":"VIVE INTERNACIONAL, S.A","description":"Distribuidora de productos electr\u00f3nicos y electrodom\u00e9sticos variados al por mayor.","publisher":{"@id":"https:\/\/viveint.com\/wp\/#organization"},"potentialAction":[{"@type":"SearchAction","target":{"@type":"EntryPoint","urlTemplate":"https:\/\/viveint.com\/wp\/?s={search_term_string}"},"query-input":{"@type":"PropertyValueSpecification","valueRequired":true,"valueName":"search_term_string"}}],"inLanguage":"es"},{"@type":"Organization","@id":"https:\/\/viveint.com\/wp\/#organization","name":"VIVE INTERNACIONAL, S.A","url":"https:\/\/viveint.com\/wp\/","logo":{"@type":"ImageObject","inLanguage":"es","@id":"https:\/\/viveint.com\/wp\/#\/schema\/logo\/image\/","url":"https:\/\/viveint.com\/wp-content\/uploads\/2024\/10\/VIVE-512x512-1.png","contentUrl":"https:\/\/viveint.com\/wp-content\/uploads\/2024\/10\/VIVE-512x512-1.png","width":512,"height":512,"caption":"VIVE INTERNACIONAL, S.A"},"image":{"@id":"https:\/\/viveint.com\/wp\/#\/schema\/logo\/image\/"},"sameAs":["https:\/\/www.facebook.com\/people\/Vive-Internacional\/100093043990181\/","https:\/\/www.instagram.com\/vive_internacional\/"]}]}},"_links":{"self":[{"href":"https:\/\/viveint.com\/wp\/wp-json\/wp\/v2\/product\/6066","targetHints":{"allow":["GET"]}}],"collection":[{"href":"https:\/\/viveint.com\/wp\/wp-json\/wp\/v2\/product"}],"about":[{"href":"https:\/\/viveint.com\/wp\/wp-json\/wp\/v2\/types\/product"}],"replies":[{"embeddable":true,"href":"https:\/\/viveint.com\/wp\/wp-json\/wp\/v2\/comments?post=6066"}],"wp:featuredmedia":[{"embeddable":true,"href":"https:\/\/viveint.com\/wp\/wp-json\/wp\/v2\/media\/6067"}],"wp:attachment":[{"href":"https:\/\/viveint.com\/wp\/wp-json\/wp\/v2\/media?parent=6066"}],"wp:term":[{"taxonomy":"product_cat","embeddable":true,"href":"https:\/\/viveint.com\/wp\/wp-json\/wp\/v2\/product_cat?post=6066"},{"taxonomy":"product_tag","embeddable":true,"href":"https:\/\/viveint.com\/wp\/wp-json\/wp\/v2\/product_tag?post=6066"}],"curies":[{"name":"wp","href":"https:\/\/api.w.org\/{rel}","templated":true}]}}