{"id":5796,"date":"2025-06-21T12:59:16","date_gmt":"2025-06-21T17:59:16","guid":{"rendered":"https:\/\/viveint.com\/wp\/?post_type=product&#038;p=5796"},"modified":"2025-08-16T23:14:26","modified_gmt":"2025-08-17T04:14:26","slug":"alicate-con-juegos-de-puntos","status":"publish","type":"product","link":"https:\/\/viveint.com\/wp\/product\/alicate-con-juegos-de-puntos\/","title":{"rendered":"ALICATE CON JUEGOS DE PUNTOS"},"content":{"rendered":"<p data-start=\"269\" data-end=\"653\">El <strong data-start=\"272\" data-end=\"304\">alicate con juegos de puntos<\/strong> es una herramienta multifuncional dise\u00f1ada para ofrecer <strong data-start=\"361\" data-end=\"397\">m\u00e1xima precisi\u00f3n y adaptabilidad<\/strong> en trabajos el\u00e9ctricos, mec\u00e1nicos y de bricolaje. Gracias a su sistema de <strong data-start=\"472\" data-end=\"498\">puntas intercambiables<\/strong>, permite m\u00faltiples aplicaciones con un solo alicate, lo que lo convierte en un producto altamente atractivo para t\u00e9cnicos, talleres y usuarios dom\u00e9sticos.<\/p>\n<p data-start=\"655\" data-end=\"687\"><strong data-start=\"655\" data-end=\"687\">Caracter\u00edsticas principales:<\/strong><\/p>\n<ul data-start=\"689\" data-end=\"1097\">\n<li data-start=\"689\" data-end=\"747\">\n<p data-start=\"691\" data-end=\"747\"><strong data-start=\"691\" data-end=\"721\">Alicate de acero reforzado<\/strong>, resistente y duradero.<\/p>\n<\/li>\n<li data-start=\"748\" data-end=\"840\">\n<p data-start=\"750\" data-end=\"840\">Incluye <strong data-start=\"758\" data-end=\"793\">juego de puntas intercambiables<\/strong> (planas, de precisi\u00f3n, curvas, entre otras).<\/p>\n<\/li>\n<li data-start=\"841\" data-end=\"932\">\n<p data-start=\"843\" data-end=\"932\">Sistema de ajuste r\u00e1pido y seguro para cambiar las puntas sin herramientas adicionales.<\/p>\n<\/li>\n<li data-start=\"933\" data-end=\"1002\">\n<p data-start=\"935\" data-end=\"1002\">Mango ergon\u00f3mico y antideslizante para mayor control y comodidad.<\/p>\n<\/li>\n<li data-start=\"1003\" data-end=\"1097\">\n<p data-start=\"1005\" data-end=\"1097\">Ideal para trabajos el\u00e9ctricos, electr\u00f3nicos, de joyer\u00eda, modelismo y mantenimiento general.<\/p>\n<\/li>\n<\/ul>\n","protected":false},"excerpt":{"rendered":"<p>El alicate con juegos de puntos es una herramienta multifuncional dise\u00f1ada para ofrecer m\u00e1xima precisi\u00f3n y adaptabilidad en trabajos el\u00e9ctricos, mec\u00e1nicos y de bricolaje. Gracias a su sistema de puntas intercambiables, permite m\u00faltiples aplicaciones con un solo alicate, lo que lo convierte en un producto altamente atractivo para t\u00e9cnicos, talleres y usuarios dom\u00e9sticos. Caracter\u00edsticas principales: [&hellip;]<\/p>\n","protected":false},"featured_media":5798,"comment_status":"open","ping_status":"closed","template":"","meta":{"_surecart_dashboard_logo_width":"180px","_surecart_dashboard_show_logo":true,"_surecart_dashboard_navigation_orders":true,"_surecart_dashboard_navigation_subscriptions":true,"_surecart_dashboard_navigation_downloads":true,"_surecart_dashboard_navigation_billing":true,"_surecart_dashboard_navigation_account":true,"site-sidebar-layout":"default","site-content-layout":"","ast-site-content-layout":"default","site-content-style":"default","site-sidebar-style":"default","ast-global-header-display":"","ast-banner-title-visibility":"","ast-main-header-display":"","ast-hfb-above-header-display":"","ast-hfb-below-header-display":"","ast-hfb-mobile-header-display":"","site-post-title":"","ast-breadcrumbs-content":"","ast-featured-img":"","footer-sml-layout":"","theme-transparent-header-meta":"default","adv-header-id-meta":"","stick-header-meta":"","header-above-stick-meta":"","header-main-stick-meta":"","header-below-stick-meta":"","astra-migrate-meta-layouts":"set","ast-page-background-enabled":"default","ast-page-background-meta":{"desktop":{"background-color":"","background-image":"","background-repeat":"repeat","background-position":"center center","background-size":"auto","background-attachment":"scroll","background-type":"","background-media":"","overlay-type":"","overlay-color":"","overlay-opacity":"","overlay-gradient":""},"tablet":{"background-color":"","background-image":"","background-repeat":"repeat","background-position":"center center","background-size":"auto","background-attachment":"scroll","background-type":"","background-media":"","overlay-type":"","overlay-color":"","overlay-opacity":"","overlay-gradient":""},"mobile":{"background-color":"","background-image":"","background-repeat":"repeat","background-position":"center center","background-size":"auto","background-attachment":"scroll","background-type":"","background-media":"","overlay-type":"","overlay-color":"","overlay-opacity":"","overlay-gradient":""}},"ast-content-background-meta":{"desktop":{"background-color":"var(--ast-global-color-5)","background-image":"","background-repeat":"repeat","background-position":"center center","background-size":"auto","background-attachment":"scroll","background-type":"","background-media":"","overlay-type":"","overlay-color":"","overlay-opacity":"","overlay-gradient":""},"tablet":{"background-color":"var(--ast-global-color-5)","background-image":"","background-repeat":"repeat","background-position":"center center","background-size":"auto","background-attachment":"scroll","background-type":"","background-media":"","overlay-type":"","overlay-color":"","overlay-opacity":"","overlay-gradient":""},"mobile":{"background-color":"var(--ast-global-color-5)","background-image":"","background-repeat":"repeat","background-position":"center center","background-size":"auto","background-attachment":"scroll","background-type":"","background-media":"","overlay-type":"","overlay-color":"","overlay-opacity":"","overlay-gradient":""}}},"product_cat":[42],"product_tag":[],"class_list":{"0":"post-5796","1":"product","2":"type-product","3":"status-publish","4":"has-post-thumbnail","6":"product_cat-ferreteria","7":"desktop-align-left","8":"tablet-align-left","9":"mobile-align-left","11":"first","12":"instock","13":"shipping-taxable","14":"product-type-simple"},"yoast_head":"<!-- This site is optimized with the Yoast SEO plugin v24.0 - https:\/\/yoast.com\/wordpress\/plugins\/seo\/ -->\n<title>ALICATE CON JUEGOS DE PUNTOS - VIVE INTERNACIONAL, S.A<\/title>\n<meta name=\"robots\" content=\"index, follow, max-snippet:-1, max-image-preview:large, max-video-preview:-1\" \/>\n<link rel=\"canonical\" href=\"https:\/\/viveint.com\/wp\/product\/alicate-con-juegos-de-puntos\/\" \/>\n<meta property=\"og:locale\" content=\"es_ES\" \/>\n<meta property=\"og:type\" content=\"article\" \/>\n<meta property=\"og:title\" content=\"ALICATE CON JUEGOS DE PUNTOS - VIVE INTERNACIONAL, S.A\" \/>\n<meta property=\"og:description\" content=\"El alicate con juegos de puntos es una herramienta multifuncional dise\u00f1ada para ofrecer m\u00e1xima precisi\u00f3n y adaptabilidad en trabajos el\u00e9ctricos, mec\u00e1nicos y de bricolaje. Gracias a su sistema de puntas intercambiables, permite m\u00faltiples aplicaciones con un solo alicate, lo que lo convierte en un producto altamente atractivo para t\u00e9cnicos, talleres y usuarios dom\u00e9sticos. Caracter\u00edsticas principales: [&hellip;]\" \/>\n<meta property=\"og:url\" content=\"https:\/\/viveint.com\/wp\/product\/alicate-con-juegos-de-puntos\/\" \/>\n<meta property=\"og:site_name\" content=\"VIVE INTERNACIONAL, S.A\" \/>\n<meta property=\"article:publisher\" content=\"https:\/\/www.facebook.com\/people\/Vive-Internacional\/100093043990181\/\" \/>\n<meta property=\"article:modified_time\" content=\"2025-08-17T04:14:26+00:00\" \/>\n<meta property=\"og:image\" content=\"https:\/\/viveint.com\/wp-content\/uploads\/2025\/06\/page_62.png\" \/>\n\t<meta property=\"og:image:width\" content=\"810\" \/>\n\t<meta property=\"og:image:height\" content=\"810\" \/>\n\t<meta property=\"og:image:type\" content=\"image\/png\" \/>\n<meta name=\"twitter:card\" content=\"summary_large_image\" \/>\n<meta name=\"twitter:label1\" content=\"Tiempo de lectura\" \/>\n\t<meta name=\"twitter:data1\" content=\"1 minuto\" \/>\n<script type=\"application\/ld+json\" class=\"yoast-schema-graph\">{\"@context\":\"https:\/\/schema.org\",\"@graph\":[{\"@type\":\"WebPage\",\"@id\":\"https:\/\/viveint.com\/wp\/product\/alicate-con-juegos-de-puntos\/\",\"url\":\"https:\/\/viveint.com\/wp\/product\/alicate-con-juegos-de-puntos\/\",\"name\":\"ALICATE CON JUEGOS DE PUNTOS - VIVE INTERNACIONAL, S.A\",\"isPartOf\":{\"@id\":\"https:\/\/viveint.com\/wp\/#website\"},\"primaryImageOfPage\":{\"@id\":\"https:\/\/viveint.com\/wp\/product\/alicate-con-juegos-de-puntos\/#primaryimage\"},\"image\":{\"@id\":\"https:\/\/viveint.com\/wp\/product\/alicate-con-juegos-de-puntos\/#primaryimage\"},\"thumbnailUrl\":\"https:\/\/viveint.com\/wp-content\/uploads\/2025\/06\/page_62.png\",\"datePublished\":\"2025-06-21T17:59:16+00:00\",\"dateModified\":\"2025-08-17T04:14:26+00:00\",\"breadcrumb\":{\"@id\":\"https:\/\/viveint.com\/wp\/product\/alicate-con-juegos-de-puntos\/#breadcrumb\"},\"inLanguage\":\"es\",\"potentialAction\":[{\"@type\":\"ReadAction\",\"target\":[\"https:\/\/viveint.com\/wp\/product\/alicate-con-juegos-de-puntos\/\"]}]},{\"@type\":\"ImageObject\",\"inLanguage\":\"es\",\"@id\":\"https:\/\/viveint.com\/wp\/product\/alicate-con-juegos-de-puntos\/#primaryimage\",\"url\":\"https:\/\/viveint.com\/wp-content\/uploads\/2025\/06\/page_62.png\",\"contentUrl\":\"https:\/\/viveint.com\/wp-content\/uploads\/2025\/06\/page_62.png\",\"width\":810,\"height\":810},{\"@type\":\"BreadcrumbList\",\"@id\":\"https:\/\/viveint.com\/wp\/product\/alicate-con-juegos-de-puntos\/#breadcrumb\",\"itemListElement\":[{\"@type\":\"ListItem\",\"position\":1,\"name\":\"Portada\",\"item\":\"https:\/\/viveint.com\/wp\/\"},{\"@type\":\"ListItem\",\"position\":2,\"name\":\"Cat\u00e1logo\",\"item\":\"https:\/\/viveint.com\/wp\/catalogo\/\"},{\"@type\":\"ListItem\",\"position\":3,\"name\":\"ALICATE CON JUEGOS DE PUNTOS\"}]},{\"@type\":\"WebSite\",\"@id\":\"https:\/\/viveint.com\/wp\/#website\",\"url\":\"https:\/\/viveint.com\/wp\/\",\"name\":\"VIVE INTERNACIONAL, S.A\",\"description\":\"Distribuidora de productos electr\u00f3nicos y electrodom\u00e9sticos variados al por mayor.\",\"publisher\":{\"@id\":\"https:\/\/viveint.com\/wp\/#organization\"},\"potentialAction\":[{\"@type\":\"SearchAction\",\"target\":{\"@type\":\"EntryPoint\",\"urlTemplate\":\"https:\/\/viveint.com\/wp\/?s={search_term_string}\"},\"query-input\":{\"@type\":\"PropertyValueSpecification\",\"valueRequired\":true,\"valueName\":\"search_term_string\"}}],\"inLanguage\":\"es\"},{\"@type\":\"Organization\",\"@id\":\"https:\/\/viveint.com\/wp\/#organization\",\"name\":\"VIVE INTERNACIONAL, S.A\",\"url\":\"https:\/\/viveint.com\/wp\/\",\"logo\":{\"@type\":\"ImageObject\",\"inLanguage\":\"es\",\"@id\":\"https:\/\/viveint.com\/wp\/#\/schema\/logo\/image\/\",\"url\":\"https:\/\/viveint.com\/wp-content\/uploads\/2024\/10\/VIVE-512x512-1.png\",\"contentUrl\":\"https:\/\/viveint.com\/wp-content\/uploads\/2024\/10\/VIVE-512x512-1.png\",\"width\":512,\"height\":512,\"caption\":\"VIVE INTERNACIONAL, S.A\"},\"image\":{\"@id\":\"https:\/\/viveint.com\/wp\/#\/schema\/logo\/image\/\"},\"sameAs\":[\"https:\/\/www.facebook.com\/people\/Vive-Internacional\/100093043990181\/\",\"https:\/\/www.instagram.com\/vive_internacional\/\"]}]}<\/script>\n<!-- \/ Yoast SEO plugin. -->","yoast_head_json":{"title":"ALICATE CON JUEGOS DE PUNTOS - VIVE INTERNACIONAL, S.A","robots":{"index":"index","follow":"follow","max-snippet":"max-snippet:-1","max-image-preview":"max-image-preview:large","max-video-preview":"max-video-preview:-1"},"canonical":"https:\/\/viveint.com\/wp\/product\/alicate-con-juegos-de-puntos\/","og_locale":"es_ES","og_type":"article","og_title":"ALICATE CON JUEGOS DE PUNTOS - VIVE INTERNACIONAL, S.A","og_description":"El alicate con juegos de puntos es una herramienta multifuncional dise\u00f1ada para ofrecer m\u00e1xima precisi\u00f3n y adaptabilidad en trabajos el\u00e9ctricos, mec\u00e1nicos y de bricolaje. Gracias a su sistema de puntas intercambiables, permite m\u00faltiples aplicaciones con un solo alicate, lo que lo convierte en un producto altamente atractivo para t\u00e9cnicos, talleres y usuarios dom\u00e9sticos. Caracter\u00edsticas principales: [&hellip;]","og_url":"https:\/\/viveint.com\/wp\/product\/alicate-con-juegos-de-puntos\/","og_site_name":"VIVE INTERNACIONAL, S.A","article_publisher":"https:\/\/www.facebook.com\/people\/Vive-Internacional\/100093043990181\/","article_modified_time":"2025-08-17T04:14:26+00:00","og_image":[{"width":810,"height":810,"url":"https:\/\/viveint.com\/wp-content\/uploads\/2025\/06\/page_62.png","type":"image\/png"}],"twitter_card":"summary_large_image","twitter_misc":{"Tiempo de lectura":"1 minuto"},"schema":{"@context":"https:\/\/schema.org","@graph":[{"@type":"WebPage","@id":"https:\/\/viveint.com\/wp\/product\/alicate-con-juegos-de-puntos\/","url":"https:\/\/viveint.com\/wp\/product\/alicate-con-juegos-de-puntos\/","name":"ALICATE CON JUEGOS DE PUNTOS - VIVE INTERNACIONAL, S.A","isPartOf":{"@id":"https:\/\/viveint.com\/wp\/#website"},"primaryImageOfPage":{"@id":"https:\/\/viveint.com\/wp\/product\/alicate-con-juegos-de-puntos\/#primaryimage"},"image":{"@id":"https:\/\/viveint.com\/wp\/product\/alicate-con-juegos-de-puntos\/#primaryimage"},"thumbnailUrl":"https:\/\/viveint.com\/wp-content\/uploads\/2025\/06\/page_62.png","datePublished":"2025-06-21T17:59:16+00:00","dateModified":"2025-08-17T04:14:26+00:00","breadcrumb":{"@id":"https:\/\/viveint.com\/wp\/product\/alicate-con-juegos-de-puntos\/#breadcrumb"},"inLanguage":"es","potentialAction":[{"@type":"ReadAction","target":["https:\/\/viveint.com\/wp\/product\/alicate-con-juegos-de-puntos\/"]}]},{"@type":"ImageObject","inLanguage":"es","@id":"https:\/\/viveint.com\/wp\/product\/alicate-con-juegos-de-puntos\/#primaryimage","url":"https:\/\/viveint.com\/wp-content\/uploads\/2025\/06\/page_62.png","contentUrl":"https:\/\/viveint.com\/wp-content\/uploads\/2025\/06\/page_62.png","width":810,"height":810},{"@type":"BreadcrumbList","@id":"https:\/\/viveint.com\/wp\/product\/alicate-con-juegos-de-puntos\/#breadcrumb","itemListElement":[{"@type":"ListItem","position":1,"name":"Portada","item":"https:\/\/viveint.com\/wp\/"},{"@type":"ListItem","position":2,"name":"Cat\u00e1logo","item":"https:\/\/viveint.com\/wp\/catalogo\/"},{"@type":"ListItem","position":3,"name":"ALICATE CON JUEGOS DE PUNTOS"}]},{"@type":"WebSite","@id":"https:\/\/viveint.com\/wp\/#website","url":"https:\/\/viveint.com\/wp\/","name":"VIVE INTERNACIONAL, S.A","description":"Distribuidora de productos electr\u00f3nicos y electrodom\u00e9sticos variados al por mayor.","publisher":{"@id":"https:\/\/viveint.com\/wp\/#organization"},"potentialAction":[{"@type":"SearchAction","target":{"@type":"EntryPoint","urlTemplate":"https:\/\/viveint.com\/wp\/?s={search_term_string}"},"query-input":{"@type":"PropertyValueSpecification","valueRequired":true,"valueName":"search_term_string"}}],"inLanguage":"es"},{"@type":"Organization","@id":"https:\/\/viveint.com\/wp\/#organization","name":"VIVE INTERNACIONAL, S.A","url":"https:\/\/viveint.com\/wp\/","logo":{"@type":"ImageObject","inLanguage":"es","@id":"https:\/\/viveint.com\/wp\/#\/schema\/logo\/image\/","url":"https:\/\/viveint.com\/wp-content\/uploads\/2024\/10\/VIVE-512x512-1.png","contentUrl":"https:\/\/viveint.com\/wp-content\/uploads\/2024\/10\/VIVE-512x512-1.png","width":512,"height":512,"caption":"VIVE INTERNACIONAL, S.A"},"image":{"@id":"https:\/\/viveint.com\/wp\/#\/schema\/logo\/image\/"},"sameAs":["https:\/\/www.facebook.com\/people\/Vive-Internacional\/100093043990181\/","https:\/\/www.instagram.com\/vive_internacional\/"]}]}},"_links":{"self":[{"href":"https:\/\/viveint.com\/wp\/wp-json\/wp\/v2\/product\/5796","targetHints":{"allow":["GET"]}}],"collection":[{"href":"https:\/\/viveint.com\/wp\/wp-json\/wp\/v2\/product"}],"about":[{"href":"https:\/\/viveint.com\/wp\/wp-json\/wp\/v2\/types\/product"}],"replies":[{"embeddable":true,"href":"https:\/\/viveint.com\/wp\/wp-json\/wp\/v2\/comments?post=5796"}],"wp:featuredmedia":[{"embeddable":true,"href":"https:\/\/viveint.com\/wp\/wp-json\/wp\/v2\/media\/5798"}],"wp:attachment":[{"href":"https:\/\/viveint.com\/wp\/wp-json\/wp\/v2\/media?parent=5796"}],"wp:term":[{"taxonomy":"product_cat","embeddable":true,"href":"https:\/\/viveint.com\/wp\/wp-json\/wp\/v2\/product_cat?post=5796"},{"taxonomy":"product_tag","embeddable":true,"href":"https:\/\/viveint.com\/wp\/wp-json\/wp\/v2\/product_tag?post=5796"}],"curies":[{"name":"wp","href":"https:\/\/api.w.org\/{rel}","templated":true}]}}