{"id":5721,"date":"2025-06-21T10:55:39","date_gmt":"2025-06-21T15:55:39","guid":{"rendered":"https:\/\/viveint.com\/wp\/?post_type=product&#038;p=5721"},"modified":"2025-08-16T23:14:22","modified_gmt":"2025-08-17T04:14:22","slug":"masajeador-con-mango","status":"publish","type":"product","link":"https:\/\/viveint.com\/wp\/product\/masajeador-con-mango\/","title":{"rendered":"MASAJEADOR CON MANGO"},"content":{"rendered":"<p>El\u00a0<strong data-start=\"261\" data-end=\"307\">masajeador corporal con mango de extensi\u00f3n<\/strong>\u00a0es una herramienta pr\u00e1ctica y efectiva para aliviar dolores musculares en espalda, hombros, piernas y zonas de dif\u00edcil acceso. Su dise\u00f1o ergon\u00f3mico con\u00a0<strong data-start=\"460\" data-end=\"485\">mango largo ajustable<\/strong>\u00a0permite llegar f\u00e1cilmente a cualquier parte del cuerpo, ofreciendo\u00a0<strong data-start=\"553\" data-end=\"601\">masajes relajantes o terap\u00e9uticos desde casa<\/strong>.<\/p>\n<p>Caracter\u00edsticas destacadas:<\/p>\n<ul>\n<li data-start=\"868\" data-end=\"954\">\n<p data-start=\"870\" data-end=\"954\">Adecuado para uso diario, personas mayores, deportistas o trabajadores de oficina.<\/p>\n<\/li>\n<li data-start=\"868\" data-end=\"954\"><strong data-start=\"639\" data-end=\"672\">Mango extensible y ergon\u00f3mico<\/strong>, ideal para zonas como la espalda baja o media.<\/li>\n<\/ul>\n","protected":false},"excerpt":{"rendered":"<p>El\u00a0masajeador corporal con mango de extensi\u00f3n\u00a0es una herramienta pr\u00e1ctica y efectiva para aliviar dolores musculares en espalda, hombros, piernas y zonas de dif\u00edcil acceso. Su dise\u00f1o ergon\u00f3mico con\u00a0mango largo ajustable\u00a0permite llegar f\u00e1cilmente a cualquier parte del cuerpo, ofreciendo\u00a0masajes relajantes o terap\u00e9uticos desde casa. Caracter\u00edsticas destacadas: Adecuado para uso diario, personas mayores, deportistas o trabajadores de [&hellip;]<\/p>\n","protected":false},"featured_media":5722,"comment_status":"open","ping_status":"closed","template":"","meta":{"_surecart_dashboard_logo_width":"180px","_surecart_dashboard_show_logo":true,"_surecart_dashboard_navigation_orders":true,"_surecart_dashboard_navigation_subscriptions":true,"_surecart_dashboard_navigation_downloads":true,"_surecart_dashboard_navigation_billing":true,"_surecart_dashboard_navigation_account":true,"site-sidebar-layout":"default","site-content-layout":"","ast-site-content-layout":"default","site-content-style":"default","site-sidebar-style":"default","ast-global-header-display":"","ast-banner-title-visibility":"","ast-main-header-display":"","ast-hfb-above-header-display":"","ast-hfb-below-header-display":"","ast-hfb-mobile-header-display":"","site-post-title":"","ast-breadcrumbs-content":"","ast-featured-img":"","footer-sml-layout":"","theme-transparent-header-meta":"default","adv-header-id-meta":"","stick-header-meta":"","header-above-stick-meta":"","header-main-stick-meta":"","header-below-stick-meta":"","astra-migrate-meta-layouts":"set","ast-page-background-enabled":"default","ast-page-background-meta":{"desktop":{"background-color":"","background-image":"","background-repeat":"repeat","background-position":"center center","background-size":"auto","background-attachment":"scroll","background-type":"","background-media":"","overlay-type":"","overlay-color":"","overlay-opacity":"","overlay-gradient":""},"tablet":{"background-color":"","background-image":"","background-repeat":"repeat","background-position":"center center","background-size":"auto","background-attachment":"scroll","background-type":"","background-media":"","overlay-type":"","overlay-color":"","overlay-opacity":"","overlay-gradient":""},"mobile":{"background-color":"","background-image":"","background-repeat":"repeat","background-position":"center center","background-size":"auto","background-attachment":"scroll","background-type":"","background-media":"","overlay-type":"","overlay-color":"","overlay-opacity":"","overlay-gradient":""}},"ast-content-background-meta":{"desktop":{"background-color":"var(--ast-global-color-5)","background-image":"","background-repeat":"repeat","background-position":"center center","background-size":"auto","background-attachment":"scroll","background-type":"","background-media":"","overlay-type":"","overlay-color":"","overlay-opacity":"","overlay-gradient":""},"tablet":{"background-color":"var(--ast-global-color-5)","background-image":"","background-repeat":"repeat","background-position":"center center","background-size":"auto","background-attachment":"scroll","background-type":"","background-media":"","overlay-type":"","overlay-color":"","overlay-opacity":"","overlay-gradient":""},"mobile":{"background-color":"var(--ast-global-color-5)","background-image":"","background-repeat":"repeat","background-position":"center center","background-size":"auto","background-attachment":"scroll","background-type":"","background-media":"","overlay-type":"","overlay-color":"","overlay-opacity":"","overlay-gradient":""}}},"product_cat":[53],"product_tag":[],"class_list":{"0":"post-5721","1":"product","2":"type-product","3":"status-publish","4":"has-post-thumbnail","6":"product_cat-masajeadores","7":"desktop-align-left","8":"tablet-align-left","9":"mobile-align-left","11":"first","12":"instock","13":"shipping-taxable","14":"product-type-simple"},"yoast_head":"<!-- This site is optimized with the Yoast SEO plugin v24.0 - https:\/\/yoast.com\/wordpress\/plugins\/seo\/ -->\n<title>MASAJEADOR CON MANGO - VIVE INTERNACIONAL, S.A<\/title>\n<meta name=\"robots\" content=\"index, follow, max-snippet:-1, max-image-preview:large, max-video-preview:-1\" \/>\n<link rel=\"canonical\" href=\"https:\/\/viveint.com\/wp\/product\/masajeador-con-mango\/\" \/>\n<meta property=\"og:locale\" content=\"es_ES\" \/>\n<meta property=\"og:type\" content=\"article\" \/>\n<meta property=\"og:title\" content=\"MASAJEADOR CON MANGO - VIVE INTERNACIONAL, S.A\" \/>\n<meta property=\"og:description\" content=\"El\u00a0masajeador corporal con mango de extensi\u00f3n\u00a0es una herramienta pr\u00e1ctica y efectiva para aliviar dolores musculares en espalda, hombros, piernas y zonas de dif\u00edcil acceso. Su dise\u00f1o ergon\u00f3mico con\u00a0mango largo ajustable\u00a0permite llegar f\u00e1cilmente a cualquier parte del cuerpo, ofreciendo\u00a0masajes relajantes o terap\u00e9uticos desde casa. Caracter\u00edsticas destacadas: Adecuado para uso diario, personas mayores, deportistas o trabajadores de [&hellip;]\" \/>\n<meta property=\"og:url\" content=\"https:\/\/viveint.com\/wp\/product\/masajeador-con-mango\/\" \/>\n<meta property=\"og:site_name\" content=\"VIVE INTERNACIONAL, S.A\" \/>\n<meta property=\"article:publisher\" content=\"https:\/\/www.facebook.com\/people\/Vive-Internacional\/100093043990181\/\" \/>\n<meta property=\"article:modified_time\" content=\"2025-08-17T04:14:22+00:00\" \/>\n<meta property=\"og:image\" content=\"https:\/\/viveint.com\/wp-content\/uploads\/2025\/06\/page_18-1.png\" \/>\n\t<meta property=\"og:image:width\" content=\"810\" \/>\n\t<meta property=\"og:image:height\" content=\"810\" \/>\n\t<meta property=\"og:image:type\" content=\"image\/png\" \/>\n<meta name=\"twitter:card\" content=\"summary_large_image\" \/>\n<meta name=\"twitter:label1\" content=\"Tiempo de lectura\" \/>\n\t<meta name=\"twitter:data1\" content=\"1 minuto\" \/>\n<script type=\"application\/ld+json\" class=\"yoast-schema-graph\">{\"@context\":\"https:\/\/schema.org\",\"@graph\":[{\"@type\":\"WebPage\",\"@id\":\"https:\/\/viveint.com\/wp\/product\/masajeador-con-mango\/\",\"url\":\"https:\/\/viveint.com\/wp\/product\/masajeador-con-mango\/\",\"name\":\"MASAJEADOR CON MANGO - VIVE INTERNACIONAL, S.A\",\"isPartOf\":{\"@id\":\"https:\/\/viveint.com\/wp\/#website\"},\"primaryImageOfPage\":{\"@id\":\"https:\/\/viveint.com\/wp\/product\/masajeador-con-mango\/#primaryimage\"},\"image\":{\"@id\":\"https:\/\/viveint.com\/wp\/product\/masajeador-con-mango\/#primaryimage\"},\"thumbnailUrl\":\"https:\/\/viveint.com\/wp-content\/uploads\/2025\/06\/page_18-1.png\",\"datePublished\":\"2025-06-21T15:55:39+00:00\",\"dateModified\":\"2025-08-17T04:14:22+00:00\",\"breadcrumb\":{\"@id\":\"https:\/\/viveint.com\/wp\/product\/masajeador-con-mango\/#breadcrumb\"},\"inLanguage\":\"es\",\"potentialAction\":[{\"@type\":\"ReadAction\",\"target\":[\"https:\/\/viveint.com\/wp\/product\/masajeador-con-mango\/\"]}]},{\"@type\":\"ImageObject\",\"inLanguage\":\"es\",\"@id\":\"https:\/\/viveint.com\/wp\/product\/masajeador-con-mango\/#primaryimage\",\"url\":\"https:\/\/viveint.com\/wp-content\/uploads\/2025\/06\/page_18-1.png\",\"contentUrl\":\"https:\/\/viveint.com\/wp-content\/uploads\/2025\/06\/page_18-1.png\",\"width\":810,\"height\":810},{\"@type\":\"BreadcrumbList\",\"@id\":\"https:\/\/viveint.com\/wp\/product\/masajeador-con-mango\/#breadcrumb\",\"itemListElement\":[{\"@type\":\"ListItem\",\"position\":1,\"name\":\"Portada\",\"item\":\"https:\/\/viveint.com\/wp\/\"},{\"@type\":\"ListItem\",\"position\":2,\"name\":\"Cat\u00e1logo\",\"item\":\"https:\/\/viveint.com\/wp\/catalogo\/\"},{\"@type\":\"ListItem\",\"position\":3,\"name\":\"MASAJEADOR CON MANGO\"}]},{\"@type\":\"WebSite\",\"@id\":\"https:\/\/viveint.com\/wp\/#website\",\"url\":\"https:\/\/viveint.com\/wp\/\",\"name\":\"VIVE INTERNACIONAL, S.A\",\"description\":\"Distribuidora de productos electr\u00f3nicos y electrodom\u00e9sticos variados al por mayor.\",\"publisher\":{\"@id\":\"https:\/\/viveint.com\/wp\/#organization\"},\"potentialAction\":[{\"@type\":\"SearchAction\",\"target\":{\"@type\":\"EntryPoint\",\"urlTemplate\":\"https:\/\/viveint.com\/wp\/?s={search_term_string}\"},\"query-input\":{\"@type\":\"PropertyValueSpecification\",\"valueRequired\":true,\"valueName\":\"search_term_string\"}}],\"inLanguage\":\"es\"},{\"@type\":\"Organization\",\"@id\":\"https:\/\/viveint.com\/wp\/#organization\",\"name\":\"VIVE INTERNACIONAL, S.A\",\"url\":\"https:\/\/viveint.com\/wp\/\",\"logo\":{\"@type\":\"ImageObject\",\"inLanguage\":\"es\",\"@id\":\"https:\/\/viveint.com\/wp\/#\/schema\/logo\/image\/\",\"url\":\"https:\/\/viveint.com\/wp-content\/uploads\/2024\/10\/VIVE-512x512-1.png\",\"contentUrl\":\"https:\/\/viveint.com\/wp-content\/uploads\/2024\/10\/VIVE-512x512-1.png\",\"width\":512,\"height\":512,\"caption\":\"VIVE INTERNACIONAL, S.A\"},\"image\":{\"@id\":\"https:\/\/viveint.com\/wp\/#\/schema\/logo\/image\/\"},\"sameAs\":[\"https:\/\/www.facebook.com\/people\/Vive-Internacional\/100093043990181\/\",\"https:\/\/www.instagram.com\/vive_internacional\/\"]}]}<\/script>\n<!-- \/ Yoast SEO plugin. -->","yoast_head_json":{"title":"MASAJEADOR CON MANGO - VIVE INTERNACIONAL, S.A","robots":{"index":"index","follow":"follow","max-snippet":"max-snippet:-1","max-image-preview":"max-image-preview:large","max-video-preview":"max-video-preview:-1"},"canonical":"https:\/\/viveint.com\/wp\/product\/masajeador-con-mango\/","og_locale":"es_ES","og_type":"article","og_title":"MASAJEADOR CON MANGO - VIVE INTERNACIONAL, S.A","og_description":"El\u00a0masajeador corporal con mango de extensi\u00f3n\u00a0es una herramienta pr\u00e1ctica y efectiva para aliviar dolores musculares en espalda, hombros, piernas y zonas de dif\u00edcil acceso. Su dise\u00f1o ergon\u00f3mico con\u00a0mango largo ajustable\u00a0permite llegar f\u00e1cilmente a cualquier parte del cuerpo, ofreciendo\u00a0masajes relajantes o terap\u00e9uticos desde casa. Caracter\u00edsticas destacadas: Adecuado para uso diario, personas mayores, deportistas o trabajadores de [&hellip;]","og_url":"https:\/\/viveint.com\/wp\/product\/masajeador-con-mango\/","og_site_name":"VIVE INTERNACIONAL, S.A","article_publisher":"https:\/\/www.facebook.com\/people\/Vive-Internacional\/100093043990181\/","article_modified_time":"2025-08-17T04:14:22+00:00","og_image":[{"width":810,"height":810,"url":"https:\/\/viveint.com\/wp-content\/uploads\/2025\/06\/page_18-1.png","type":"image\/png"}],"twitter_card":"summary_large_image","twitter_misc":{"Tiempo de lectura":"1 minuto"},"schema":{"@context":"https:\/\/schema.org","@graph":[{"@type":"WebPage","@id":"https:\/\/viveint.com\/wp\/product\/masajeador-con-mango\/","url":"https:\/\/viveint.com\/wp\/product\/masajeador-con-mango\/","name":"MASAJEADOR CON MANGO - VIVE INTERNACIONAL, S.A","isPartOf":{"@id":"https:\/\/viveint.com\/wp\/#website"},"primaryImageOfPage":{"@id":"https:\/\/viveint.com\/wp\/product\/masajeador-con-mango\/#primaryimage"},"image":{"@id":"https:\/\/viveint.com\/wp\/product\/masajeador-con-mango\/#primaryimage"},"thumbnailUrl":"https:\/\/viveint.com\/wp-content\/uploads\/2025\/06\/page_18-1.png","datePublished":"2025-06-21T15:55:39+00:00","dateModified":"2025-08-17T04:14:22+00:00","breadcrumb":{"@id":"https:\/\/viveint.com\/wp\/product\/masajeador-con-mango\/#breadcrumb"},"inLanguage":"es","potentialAction":[{"@type":"ReadAction","target":["https:\/\/viveint.com\/wp\/product\/masajeador-con-mango\/"]}]},{"@type":"ImageObject","inLanguage":"es","@id":"https:\/\/viveint.com\/wp\/product\/masajeador-con-mango\/#primaryimage","url":"https:\/\/viveint.com\/wp-content\/uploads\/2025\/06\/page_18-1.png","contentUrl":"https:\/\/viveint.com\/wp-content\/uploads\/2025\/06\/page_18-1.png","width":810,"height":810},{"@type":"BreadcrumbList","@id":"https:\/\/viveint.com\/wp\/product\/masajeador-con-mango\/#breadcrumb","itemListElement":[{"@type":"ListItem","position":1,"name":"Portada","item":"https:\/\/viveint.com\/wp\/"},{"@type":"ListItem","position":2,"name":"Cat\u00e1logo","item":"https:\/\/viveint.com\/wp\/catalogo\/"},{"@type":"ListItem","position":3,"name":"MASAJEADOR CON MANGO"}]},{"@type":"WebSite","@id":"https:\/\/viveint.com\/wp\/#website","url":"https:\/\/viveint.com\/wp\/","name":"VIVE INTERNACIONAL, S.A","description":"Distribuidora de productos electr\u00f3nicos y electrodom\u00e9sticos variados al por mayor.","publisher":{"@id":"https:\/\/viveint.com\/wp\/#organization"},"potentialAction":[{"@type":"SearchAction","target":{"@type":"EntryPoint","urlTemplate":"https:\/\/viveint.com\/wp\/?s={search_term_string}"},"query-input":{"@type":"PropertyValueSpecification","valueRequired":true,"valueName":"search_term_string"}}],"inLanguage":"es"},{"@type":"Organization","@id":"https:\/\/viveint.com\/wp\/#organization","name":"VIVE INTERNACIONAL, S.A","url":"https:\/\/viveint.com\/wp\/","logo":{"@type":"ImageObject","inLanguage":"es","@id":"https:\/\/viveint.com\/wp\/#\/schema\/logo\/image\/","url":"https:\/\/viveint.com\/wp-content\/uploads\/2024\/10\/VIVE-512x512-1.png","contentUrl":"https:\/\/viveint.com\/wp-content\/uploads\/2024\/10\/VIVE-512x512-1.png","width":512,"height":512,"caption":"VIVE INTERNACIONAL, S.A"},"image":{"@id":"https:\/\/viveint.com\/wp\/#\/schema\/logo\/image\/"},"sameAs":["https:\/\/www.facebook.com\/people\/Vive-Internacional\/100093043990181\/","https:\/\/www.instagram.com\/vive_internacional\/"]}]}},"_links":{"self":[{"href":"https:\/\/viveint.com\/wp\/wp-json\/wp\/v2\/product\/5721","targetHints":{"allow":["GET"]}}],"collection":[{"href":"https:\/\/viveint.com\/wp\/wp-json\/wp\/v2\/product"}],"about":[{"href":"https:\/\/viveint.com\/wp\/wp-json\/wp\/v2\/types\/product"}],"replies":[{"embeddable":true,"href":"https:\/\/viveint.com\/wp\/wp-json\/wp\/v2\/comments?post=5721"}],"wp:featuredmedia":[{"embeddable":true,"href":"https:\/\/viveint.com\/wp\/wp-json\/wp\/v2\/media\/5722"}],"wp:attachment":[{"href":"https:\/\/viveint.com\/wp\/wp-json\/wp\/v2\/media?parent=5721"}],"wp:term":[{"taxonomy":"product_cat","embeddable":true,"href":"https:\/\/viveint.com\/wp\/wp-json\/wp\/v2\/product_cat?post=5721"},{"taxonomy":"product_tag","embeddable":true,"href":"https:\/\/viveint.com\/wp\/wp-json\/wp\/v2\/product_tag?post=5721"}],"curies":[{"name":"wp","href":"https:\/\/api.w.org\/{rel}","templated":true}]}}