{"id":5698,"date":"2025-06-21T10:16:30","date_gmt":"2025-06-21T15:16:30","guid":{"rendered":"https:\/\/viveint.com\/wp\/?post_type=product&#038;p=5698"},"modified":"2025-08-16T23:14:20","modified_gmt":"2025-08-17T04:14:20","slug":"limpiador-de-brocas-de-maquillaje","status":"publish","type":"product","link":"https:\/\/viveint.com\/wp\/product\/limpiador-de-brocas-de-maquillaje\/","title":{"rendered":"LIMPIADOR DE BROCAS DE MAQUILLAJE"},"content":{"rendered":"<p data-start=\"212\" data-end=\"533\">El <strong data-start=\"215\" data-end=\"263\">limpiador de brochas de maquillaje el\u00e9ctrico<\/strong> es una herramienta imprescindible para mantener las brochas limpias, libres de residuos y listas para el pr\u00f3ximo uso. Con un sistema giratorio de alta velocidad, permite <strong data-start=\"434\" data-end=\"471\">lavar y secar brochas en segundos<\/strong>, ahorrando tiempo y extendiendo la vida \u00fatil de los pinceles.<\/p>\n<p data-start=\"535\" data-end=\"566\"><strong data-start=\"535\" data-end=\"566\">Caracter\u00edsticas destacadas:<\/strong><\/p>\n<ul data-start=\"568\" data-end=\"929\">\n<li data-start=\"568\" data-end=\"625\">\n<p data-start=\"570\" data-end=\"625\">Sistema autom\u00e1tico de limpieza y secado por rotaci\u00f3n.<\/p>\n<\/li>\n<li data-start=\"626\" data-end=\"712\">\n<p data-start=\"628\" data-end=\"712\">Compatible con distintos tama\u00f1os de brochas gracias a sus adaptadores universales.<\/p>\n<\/li>\n<li data-start=\"713\" data-end=\"772\">\n<p data-start=\"715\" data-end=\"772\">Recipiente transparente reutilizable, f\u00e1cil de limpiar.<\/p>\n<\/li>\n<li data-start=\"839\" data-end=\"929\">\n<p data-start=\"841\" data-end=\"929\">Mejora la higiene y evita la acumulaci\u00f3n de bacterias en las herramientas de maquillaje.<\/p>\n<\/li>\n<\/ul>\n","protected":false},"excerpt":{"rendered":"<p>El limpiador de brochas de maquillaje el\u00e9ctrico es una herramienta imprescindible para mantener las brochas limpias, libres de residuos y listas para el pr\u00f3ximo uso. Con un sistema giratorio de alta velocidad, permite lavar y secar brochas en segundos, ahorrando tiempo y extendiendo la vida \u00fatil de los pinceles. Caracter\u00edsticas destacadas: Sistema autom\u00e1tico de limpieza [&hellip;]<\/p>\n","protected":false},"featured_media":5699,"comment_status":"open","ping_status":"closed","template":"","meta":{"_surecart_dashboard_logo_width":"180px","_surecart_dashboard_show_logo":true,"_surecart_dashboard_navigation_orders":true,"_surecart_dashboard_navigation_subscriptions":true,"_surecart_dashboard_navigation_downloads":true,"_surecart_dashboard_navigation_billing":true,"_surecart_dashboard_navigation_account":true,"site-sidebar-layout":"default","site-content-layout":"","ast-site-content-layout":"default","site-content-style":"default","site-sidebar-style":"default","ast-global-header-display":"","ast-banner-title-visibility":"","ast-main-header-display":"","ast-hfb-above-header-display":"","ast-hfb-below-header-display":"","ast-hfb-mobile-header-display":"","site-post-title":"","ast-breadcrumbs-content":"","ast-featured-img":"","footer-sml-layout":"","theme-transparent-header-meta":"default","adv-header-id-meta":"","stick-header-meta":"","header-above-stick-meta":"","header-main-stick-meta":"","header-below-stick-meta":"","astra-migrate-meta-layouts":"set","ast-page-background-enabled":"default","ast-page-background-meta":{"desktop":{"background-color":"","background-image":"","background-repeat":"repeat","background-position":"center center","background-size":"auto","background-attachment":"scroll","background-type":"","background-media":"","overlay-type":"","overlay-color":"","overlay-opacity":"","overlay-gradient":""},"tablet":{"background-color":"","background-image":"","background-repeat":"repeat","background-position":"center center","background-size":"auto","background-attachment":"scroll","background-type":"","background-media":"","overlay-type":"","overlay-color":"","overlay-opacity":"","overlay-gradient":""},"mobile":{"background-color":"","background-image":"","background-repeat":"repeat","background-position":"center center","background-size":"auto","background-attachment":"scroll","background-type":"","background-media":"","overlay-type":"","overlay-color":"","overlay-opacity":"","overlay-gradient":""}},"ast-content-background-meta":{"desktop":{"background-color":"var(--ast-global-color-5)","background-image":"","background-repeat":"repeat","background-position":"center center","background-size":"auto","background-attachment":"scroll","background-type":"","background-media":"","overlay-type":"","overlay-color":"","overlay-opacity":"","overlay-gradient":""},"tablet":{"background-color":"var(--ast-global-color-5)","background-image":"","background-repeat":"repeat","background-position":"center center","background-size":"auto","background-attachment":"scroll","background-type":"","background-media":"","overlay-type":"","overlay-color":"","overlay-opacity":"","overlay-gradient":""},"mobile":{"background-color":"var(--ast-global-color-5)","background-image":"","background-repeat":"repeat","background-position":"center center","background-size":"auto","background-attachment":"scroll","background-type":"","background-media":"","overlay-type":"","overlay-color":"","overlay-opacity":"","overlay-gradient":""}}},"product_cat":[29],"product_tag":[],"class_list":{"0":"post-5698","1":"product","2":"type-product","3":"status-publish","4":"has-post-thumbnail","6":"product_cat-productos-para-mujer","7":"desktop-align-left","8":"tablet-align-left","9":"mobile-align-left","11":"first","12":"instock","13":"shipping-taxable","14":"product-type-simple"},"yoast_head":"<!-- This site is optimized with the Yoast SEO plugin v24.0 - https:\/\/yoast.com\/wordpress\/plugins\/seo\/ -->\n<title>LIMPIADOR DE BROCAS DE MAQUILLAJE - VIVE INTERNACIONAL, S.A<\/title>\n<meta name=\"robots\" content=\"index, follow, max-snippet:-1, max-image-preview:large, max-video-preview:-1\" \/>\n<link rel=\"canonical\" href=\"https:\/\/viveint.com\/wp\/product\/limpiador-de-brocas-de-maquillaje\/\" \/>\n<meta property=\"og:locale\" content=\"es_ES\" \/>\n<meta property=\"og:type\" content=\"article\" \/>\n<meta property=\"og:title\" content=\"LIMPIADOR DE BROCAS DE MAQUILLAJE - VIVE INTERNACIONAL, S.A\" \/>\n<meta property=\"og:description\" content=\"El limpiador de brochas de maquillaje el\u00e9ctrico es una herramienta imprescindible para mantener las brochas limpias, libres de residuos y listas para el pr\u00f3ximo uso. Con un sistema giratorio de alta velocidad, permite lavar y secar brochas en segundos, ahorrando tiempo y extendiendo la vida \u00fatil de los pinceles. Caracter\u00edsticas destacadas: Sistema autom\u00e1tico de limpieza [&hellip;]\" \/>\n<meta property=\"og:url\" content=\"https:\/\/viveint.com\/wp\/product\/limpiador-de-brocas-de-maquillaje\/\" \/>\n<meta property=\"og:site_name\" content=\"VIVE INTERNACIONAL, S.A\" \/>\n<meta property=\"article:publisher\" content=\"https:\/\/www.facebook.com\/people\/Vive-Internacional\/100093043990181\/\" \/>\n<meta property=\"article:modified_time\" content=\"2025-08-17T04:14:20+00:00\" \/>\n<meta property=\"og:image\" content=\"https:\/\/viveint.com\/wp-content\/uploads\/2025\/06\/page_8.png\" \/>\n\t<meta property=\"og:image:width\" content=\"810\" \/>\n\t<meta property=\"og:image:height\" content=\"810\" \/>\n\t<meta property=\"og:image:type\" content=\"image\/png\" \/>\n<meta name=\"twitter:card\" content=\"summary_large_image\" \/>\n<meta name=\"twitter:label1\" content=\"Tiempo de lectura\" \/>\n\t<meta name=\"twitter:data1\" content=\"1 minuto\" \/>\n<script type=\"application\/ld+json\" class=\"yoast-schema-graph\">{\"@context\":\"https:\/\/schema.org\",\"@graph\":[{\"@type\":\"WebPage\",\"@id\":\"https:\/\/viveint.com\/wp\/product\/limpiador-de-brocas-de-maquillaje\/\",\"url\":\"https:\/\/viveint.com\/wp\/product\/limpiador-de-brocas-de-maquillaje\/\",\"name\":\"LIMPIADOR DE BROCAS DE MAQUILLAJE - VIVE INTERNACIONAL, S.A\",\"isPartOf\":{\"@id\":\"https:\/\/viveint.com\/wp\/#website\"},\"primaryImageOfPage\":{\"@id\":\"https:\/\/viveint.com\/wp\/product\/limpiador-de-brocas-de-maquillaje\/#primaryimage\"},\"image\":{\"@id\":\"https:\/\/viveint.com\/wp\/product\/limpiador-de-brocas-de-maquillaje\/#primaryimage\"},\"thumbnailUrl\":\"https:\/\/viveint.com\/wp-content\/uploads\/2025\/06\/page_8.png\",\"datePublished\":\"2025-06-21T15:16:30+00:00\",\"dateModified\":\"2025-08-17T04:14:20+00:00\",\"breadcrumb\":{\"@id\":\"https:\/\/viveint.com\/wp\/product\/limpiador-de-brocas-de-maquillaje\/#breadcrumb\"},\"inLanguage\":\"es\",\"potentialAction\":[{\"@type\":\"ReadAction\",\"target\":[\"https:\/\/viveint.com\/wp\/product\/limpiador-de-brocas-de-maquillaje\/\"]}]},{\"@type\":\"ImageObject\",\"inLanguage\":\"es\",\"@id\":\"https:\/\/viveint.com\/wp\/product\/limpiador-de-brocas-de-maquillaje\/#primaryimage\",\"url\":\"https:\/\/viveint.com\/wp-content\/uploads\/2025\/06\/page_8.png\",\"contentUrl\":\"https:\/\/viveint.com\/wp-content\/uploads\/2025\/06\/page_8.png\",\"width\":810,\"height\":810},{\"@type\":\"BreadcrumbList\",\"@id\":\"https:\/\/viveint.com\/wp\/product\/limpiador-de-brocas-de-maquillaje\/#breadcrumb\",\"itemListElement\":[{\"@type\":\"ListItem\",\"position\":1,\"name\":\"Portada\",\"item\":\"https:\/\/viveint.com\/wp\/\"},{\"@type\":\"ListItem\",\"position\":2,\"name\":\"Cat\u00e1logo\",\"item\":\"https:\/\/viveint.com\/wp\/catalogo\/\"},{\"@type\":\"ListItem\",\"position\":3,\"name\":\"LIMPIADOR DE BROCAS DE MAQUILLAJE\"}]},{\"@type\":\"WebSite\",\"@id\":\"https:\/\/viveint.com\/wp\/#website\",\"url\":\"https:\/\/viveint.com\/wp\/\",\"name\":\"VIVE INTERNACIONAL, S.A\",\"description\":\"Distribuidora de productos electr\u00f3nicos y electrodom\u00e9sticos variados al por mayor.\",\"publisher\":{\"@id\":\"https:\/\/viveint.com\/wp\/#organization\"},\"potentialAction\":[{\"@type\":\"SearchAction\",\"target\":{\"@type\":\"EntryPoint\",\"urlTemplate\":\"https:\/\/viveint.com\/wp\/?s={search_term_string}\"},\"query-input\":{\"@type\":\"PropertyValueSpecification\",\"valueRequired\":true,\"valueName\":\"search_term_string\"}}],\"inLanguage\":\"es\"},{\"@type\":\"Organization\",\"@id\":\"https:\/\/viveint.com\/wp\/#organization\",\"name\":\"VIVE INTERNACIONAL, S.A\",\"url\":\"https:\/\/viveint.com\/wp\/\",\"logo\":{\"@type\":\"ImageObject\",\"inLanguage\":\"es\",\"@id\":\"https:\/\/viveint.com\/wp\/#\/schema\/logo\/image\/\",\"url\":\"https:\/\/viveint.com\/wp-content\/uploads\/2024\/10\/VIVE-512x512-1.png\",\"contentUrl\":\"https:\/\/viveint.com\/wp-content\/uploads\/2024\/10\/VIVE-512x512-1.png\",\"width\":512,\"height\":512,\"caption\":\"VIVE INTERNACIONAL, S.A\"},\"image\":{\"@id\":\"https:\/\/viveint.com\/wp\/#\/schema\/logo\/image\/\"},\"sameAs\":[\"https:\/\/www.facebook.com\/people\/Vive-Internacional\/100093043990181\/\",\"https:\/\/www.instagram.com\/vive_internacional\/\"]}]}<\/script>\n<!-- \/ Yoast SEO plugin. -->","yoast_head_json":{"title":"LIMPIADOR DE BROCAS DE MAQUILLAJE - VIVE INTERNACIONAL, S.A","robots":{"index":"index","follow":"follow","max-snippet":"max-snippet:-1","max-image-preview":"max-image-preview:large","max-video-preview":"max-video-preview:-1"},"canonical":"https:\/\/viveint.com\/wp\/product\/limpiador-de-brocas-de-maquillaje\/","og_locale":"es_ES","og_type":"article","og_title":"LIMPIADOR DE BROCAS DE MAQUILLAJE - VIVE INTERNACIONAL, S.A","og_description":"El limpiador de brochas de maquillaje el\u00e9ctrico es una herramienta imprescindible para mantener las brochas limpias, libres de residuos y listas para el pr\u00f3ximo uso. Con un sistema giratorio de alta velocidad, permite lavar y secar brochas en segundos, ahorrando tiempo y extendiendo la vida \u00fatil de los pinceles. Caracter\u00edsticas destacadas: Sistema autom\u00e1tico de limpieza [&hellip;]","og_url":"https:\/\/viveint.com\/wp\/product\/limpiador-de-brocas-de-maquillaje\/","og_site_name":"VIVE INTERNACIONAL, S.A","article_publisher":"https:\/\/www.facebook.com\/people\/Vive-Internacional\/100093043990181\/","article_modified_time":"2025-08-17T04:14:20+00:00","og_image":[{"width":810,"height":810,"url":"https:\/\/viveint.com\/wp-content\/uploads\/2025\/06\/page_8.png","type":"image\/png"}],"twitter_card":"summary_large_image","twitter_misc":{"Tiempo de lectura":"1 minuto"},"schema":{"@context":"https:\/\/schema.org","@graph":[{"@type":"WebPage","@id":"https:\/\/viveint.com\/wp\/product\/limpiador-de-brocas-de-maquillaje\/","url":"https:\/\/viveint.com\/wp\/product\/limpiador-de-brocas-de-maquillaje\/","name":"LIMPIADOR DE BROCAS DE MAQUILLAJE - VIVE INTERNACIONAL, S.A","isPartOf":{"@id":"https:\/\/viveint.com\/wp\/#website"},"primaryImageOfPage":{"@id":"https:\/\/viveint.com\/wp\/product\/limpiador-de-brocas-de-maquillaje\/#primaryimage"},"image":{"@id":"https:\/\/viveint.com\/wp\/product\/limpiador-de-brocas-de-maquillaje\/#primaryimage"},"thumbnailUrl":"https:\/\/viveint.com\/wp-content\/uploads\/2025\/06\/page_8.png","datePublished":"2025-06-21T15:16:30+00:00","dateModified":"2025-08-17T04:14:20+00:00","breadcrumb":{"@id":"https:\/\/viveint.com\/wp\/product\/limpiador-de-brocas-de-maquillaje\/#breadcrumb"},"inLanguage":"es","potentialAction":[{"@type":"ReadAction","target":["https:\/\/viveint.com\/wp\/product\/limpiador-de-brocas-de-maquillaje\/"]}]},{"@type":"ImageObject","inLanguage":"es","@id":"https:\/\/viveint.com\/wp\/product\/limpiador-de-brocas-de-maquillaje\/#primaryimage","url":"https:\/\/viveint.com\/wp-content\/uploads\/2025\/06\/page_8.png","contentUrl":"https:\/\/viveint.com\/wp-content\/uploads\/2025\/06\/page_8.png","width":810,"height":810},{"@type":"BreadcrumbList","@id":"https:\/\/viveint.com\/wp\/product\/limpiador-de-brocas-de-maquillaje\/#breadcrumb","itemListElement":[{"@type":"ListItem","position":1,"name":"Portada","item":"https:\/\/viveint.com\/wp\/"},{"@type":"ListItem","position":2,"name":"Cat\u00e1logo","item":"https:\/\/viveint.com\/wp\/catalogo\/"},{"@type":"ListItem","position":3,"name":"LIMPIADOR DE BROCAS DE MAQUILLAJE"}]},{"@type":"WebSite","@id":"https:\/\/viveint.com\/wp\/#website","url":"https:\/\/viveint.com\/wp\/","name":"VIVE INTERNACIONAL, S.A","description":"Distribuidora de productos electr\u00f3nicos y electrodom\u00e9sticos variados al por mayor.","publisher":{"@id":"https:\/\/viveint.com\/wp\/#organization"},"potentialAction":[{"@type":"SearchAction","target":{"@type":"EntryPoint","urlTemplate":"https:\/\/viveint.com\/wp\/?s={search_term_string}"},"query-input":{"@type":"PropertyValueSpecification","valueRequired":true,"valueName":"search_term_string"}}],"inLanguage":"es"},{"@type":"Organization","@id":"https:\/\/viveint.com\/wp\/#organization","name":"VIVE INTERNACIONAL, S.A","url":"https:\/\/viveint.com\/wp\/","logo":{"@type":"ImageObject","inLanguage":"es","@id":"https:\/\/viveint.com\/wp\/#\/schema\/logo\/image\/","url":"https:\/\/viveint.com\/wp-content\/uploads\/2024\/10\/VIVE-512x512-1.png","contentUrl":"https:\/\/viveint.com\/wp-content\/uploads\/2024\/10\/VIVE-512x512-1.png","width":512,"height":512,"caption":"VIVE INTERNACIONAL, S.A"},"image":{"@id":"https:\/\/viveint.com\/wp\/#\/schema\/logo\/image\/"},"sameAs":["https:\/\/www.facebook.com\/people\/Vive-Internacional\/100093043990181\/","https:\/\/www.instagram.com\/vive_internacional\/"]}]}},"_links":{"self":[{"href":"https:\/\/viveint.com\/wp\/wp-json\/wp\/v2\/product\/5698","targetHints":{"allow":["GET"]}}],"collection":[{"href":"https:\/\/viveint.com\/wp\/wp-json\/wp\/v2\/product"}],"about":[{"href":"https:\/\/viveint.com\/wp\/wp-json\/wp\/v2\/types\/product"}],"replies":[{"embeddable":true,"href":"https:\/\/viveint.com\/wp\/wp-json\/wp\/v2\/comments?post=5698"}],"wp:featuredmedia":[{"embeddable":true,"href":"https:\/\/viveint.com\/wp\/wp-json\/wp\/v2\/media\/5699"}],"wp:attachment":[{"href":"https:\/\/viveint.com\/wp\/wp-json\/wp\/v2\/media?parent=5698"}],"wp:term":[{"taxonomy":"product_cat","embeddable":true,"href":"https:\/\/viveint.com\/wp\/wp-json\/wp\/v2\/product_cat?post=5698"},{"taxonomy":"product_tag","embeddable":true,"href":"https:\/\/viveint.com\/wp\/wp-json\/wp\/v2\/product_tag?post=5698"}],"curies":[{"name":"wp","href":"https:\/\/api.w.org\/{rel}","templated":true}]}}