{"id":3277,"date":"2024-11-17T00:57:00","date_gmt":"2024-11-17T05:57:00","guid":{"rendered":"http:\/\/localhost\/wp\/?post_type=product&#038;p=3277"},"modified":"2025-08-16T23:14:06","modified_gmt":"2025-08-17T04:14:06","slug":"bocinas-soporte-transformer-tf-y17-hifi-stereo-bluetooth-5-4-memoria-micro-sd","status":"publish","type":"product","link":"https:\/\/viveint.com\/wp\/product\/bocinas-soporte-transformer-tf-y17-hifi-stereo-bluetooth-5-4-memoria-micro-sd\/","title":{"rendered":"BOCINAS\/SOPORTE TRANSFORMER TF-Y17 HiFi STEREO\/BLUETOOTH 5.4\/ MEMORIA MICRO SD"},"content":{"rendered":"<p>Eleva tu cat\u00e1logo con esta bocina port\u00e1til con la tem\u00e1tica de los Transformers, ideal para los fan\u00e1ticos de esta gran franquicia. Dise\u00f1o compacto y moderno, equipada con luces LED multicolor que captan la atenci\u00f3n y a\u00f1aden estilo a cualquier ambiente. Perfecta para fiestas, reuniones y uso personal gracias a su calidad de sonido n\u00edtida y envolvente.<\/p>\n","protected":false},"excerpt":{"rendered":"<p>Eleva tu cat\u00e1logo con esta bocina port\u00e1til con la tem\u00e1tica de los Transformers, ideal para los fan\u00e1ticos de esta gran franquicia. Dise\u00f1o compacto y moderno, equipada con luces LED multicolor que captan la atenci\u00f3n y a\u00f1aden estilo a cualquier ambiente. Perfecta para fiestas, reuniones y uso personal gracias a su calidad de sonido n\u00edtida y [&hellip;]<\/p>\n","protected":false},"featured_media":3319,"comment_status":"closed","ping_status":"closed","template":"","meta":{"_surecart_dashboard_logo_width":"180px","_surecart_dashboard_show_logo":true,"_surecart_dashboard_navigation_orders":true,"_surecart_dashboard_navigation_subscriptions":true,"_surecart_dashboard_navigation_downloads":true,"_surecart_dashboard_navigation_billing":true,"_surecart_dashboard_navigation_account":true,"site-sidebar-layout":"default","site-content-layout":"","ast-site-content-layout":"","site-content-style":"default","site-sidebar-style":"default","ast-global-header-display":"","ast-banner-title-visibility":"","ast-main-header-display":"","ast-hfb-above-header-display":"","ast-hfb-below-header-display":"","ast-hfb-mobile-header-display":"","site-post-title":"","ast-breadcrumbs-content":"","ast-featured-img":"","footer-sml-layout":"","theme-transparent-header-meta":"","adv-header-id-meta":"","stick-header-meta":"","header-above-stick-meta":"","header-main-stick-meta":"","header-below-stick-meta":"","astra-migrate-meta-layouts":"default","ast-page-background-enabled":"default","ast-page-background-meta":{"desktop":{"background-color":"","background-image":"","background-repeat":"repeat","background-position":"center center","background-size":"auto","background-attachment":"scroll","background-type":"","background-media":"","overlay-type":"","overlay-color":"","overlay-opacity":"","overlay-gradient":""},"tablet":{"background-color":"","background-image":"","background-repeat":"repeat","background-position":"center center","background-size":"auto","background-attachment":"scroll","background-type":"","background-media":"","overlay-type":"","overlay-color":"","overlay-opacity":"","overlay-gradient":""},"mobile":{"background-color":"","background-image":"","background-repeat":"repeat","background-position":"center center","background-size":"auto","background-attachment":"scroll","background-type":"","background-media":"","overlay-type":"","overlay-color":"","overlay-opacity":"","overlay-gradient":""}},"ast-content-background-meta":{"desktop":{"background-color":"var(--ast-global-color-5)","background-image":"","background-repeat":"repeat","background-position":"center center","background-size":"auto","background-attachment":"scroll","background-type":"","background-media":"","overlay-type":"","overlay-color":"","overlay-opacity":"","overlay-gradient":""},"tablet":{"background-color":"var(--ast-global-color-5)","background-image":"","background-repeat":"repeat","background-position":"center center","background-size":"auto","background-attachment":"scroll","background-type":"","background-media":"","overlay-type":"","overlay-color":"","overlay-opacity":"","overlay-gradient":""},"mobile":{"background-color":"var(--ast-global-color-5)","background-image":"","background-repeat":"repeat","background-position":"center center","background-size":"auto","background-attachment":"scroll","background-type":"","background-media":"","overlay-type":"","overlay-color":"","overlay-opacity":"","overlay-gradient":""}}},"product_cat":[50],"product_tag":[],"class_list":{"0":"post-3277","1":"product","2":"type-product","3":"status-publish","4":"has-post-thumbnail","6":"product_cat-bocinas","7":"desktop-align-left","8":"tablet-align-left","9":"mobile-align-left","11":"first","12":"instock","13":"shipping-taxable","14":"product-type-simple"},"yoast_head":"<!-- This site is optimized with the Yoast SEO plugin v24.0 - https:\/\/yoast.com\/wordpress\/plugins\/seo\/ -->\n<title>BOCINAS\/SOPORTE TRANSFORMER TF-Y17 HiFi STEREO\/BLUETOOTH 5.4\/ MEMORIA MICRO SD - VIVE INTERNACIONAL, S.A<\/title>\n<meta name=\"robots\" content=\"index, follow, max-snippet:-1, max-image-preview:large, max-video-preview:-1\" \/>\n<link rel=\"canonical\" href=\"https:\/\/viveint.com\/wp\/product\/bocinas-soporte-transformer-tf-y17-hifi-stereo-bluetooth-5-4-memoria-micro-sd\/\" \/>\n<meta property=\"og:locale\" content=\"es_ES\" \/>\n<meta property=\"og:type\" content=\"article\" \/>\n<meta property=\"og:title\" content=\"BOCINAS\/SOPORTE TRANSFORMER TF-Y17 HiFi STEREO\/BLUETOOTH 5.4\/ MEMORIA MICRO SD - VIVE INTERNACIONAL, S.A\" \/>\n<meta property=\"og:description\" content=\"Eleva tu cat\u00e1logo con esta bocina port\u00e1til con la tem\u00e1tica de los Transformers, ideal para los fan\u00e1ticos de esta gran franquicia. Dise\u00f1o compacto y moderno, equipada con luces LED multicolor que captan la atenci\u00f3n y a\u00f1aden estilo a cualquier ambiente. Perfecta para fiestas, reuniones y uso personal gracias a su calidad de sonido n\u00edtida y [&hellip;]\" \/>\n<meta property=\"og:url\" content=\"https:\/\/viveint.com\/wp\/product\/bocinas-soporte-transformer-tf-y17-hifi-stereo-bluetooth-5-4-memoria-micro-sd\/\" \/>\n<meta property=\"og:site_name\" content=\"VIVE INTERNACIONAL, S.A\" \/>\n<meta property=\"article:publisher\" content=\"https:\/\/www.facebook.com\/people\/Vive-Internacional\/100093043990181\/\" \/>\n<meta property=\"article:modified_time\" content=\"2025-08-17T04:14:06+00:00\" \/>\n<meta property=\"og:image\" content=\"https:\/\/viveint.com\/wp-content\/uploads\/2024\/11\/TF-Y17.png\" \/>\n\t<meta property=\"og:image:width\" content=\"1430\" \/>\n\t<meta property=\"og:image:height\" content=\"1388\" \/>\n\t<meta property=\"og:image:type\" content=\"image\/png\" \/>\n<meta name=\"twitter:card\" content=\"summary_large_image\" \/>\n<script type=\"application\/ld+json\" class=\"yoast-schema-graph\">{\"@context\":\"https:\/\/schema.org\",\"@graph\":[{\"@type\":\"WebPage\",\"@id\":\"https:\/\/viveint.com\/wp\/product\/bocinas-soporte-transformer-tf-y17-hifi-stereo-bluetooth-5-4-memoria-micro-sd\/\",\"url\":\"https:\/\/viveint.com\/wp\/product\/bocinas-soporte-transformer-tf-y17-hifi-stereo-bluetooth-5-4-memoria-micro-sd\/\",\"name\":\"BOCINAS\/SOPORTE TRANSFORMER TF-Y17 HiFi STEREO\/BLUETOOTH 5.4\/ MEMORIA MICRO SD - VIVE INTERNACIONAL, S.A\",\"isPartOf\":{\"@id\":\"https:\/\/viveint.com\/wp\/#website\"},\"primaryImageOfPage\":{\"@id\":\"https:\/\/viveint.com\/wp\/product\/bocinas-soporte-transformer-tf-y17-hifi-stereo-bluetooth-5-4-memoria-micro-sd\/#primaryimage\"},\"image\":{\"@id\":\"https:\/\/viveint.com\/wp\/product\/bocinas-soporte-transformer-tf-y17-hifi-stereo-bluetooth-5-4-memoria-micro-sd\/#primaryimage\"},\"thumbnailUrl\":\"https:\/\/viveint.com\/wp-content\/uploads\/2024\/11\/TF-Y17.png\",\"datePublished\":\"2024-11-17T05:57:00+00:00\",\"dateModified\":\"2025-08-17T04:14:06+00:00\",\"breadcrumb\":{\"@id\":\"https:\/\/viveint.com\/wp\/product\/bocinas-soporte-transformer-tf-y17-hifi-stereo-bluetooth-5-4-memoria-micro-sd\/#breadcrumb\"},\"inLanguage\":\"es\",\"potentialAction\":[{\"@type\":\"ReadAction\",\"target\":[\"https:\/\/viveint.com\/wp\/product\/bocinas-soporte-transformer-tf-y17-hifi-stereo-bluetooth-5-4-memoria-micro-sd\/\"]}]},{\"@type\":\"ImageObject\",\"inLanguage\":\"es\",\"@id\":\"https:\/\/viveint.com\/wp\/product\/bocinas-soporte-transformer-tf-y17-hifi-stereo-bluetooth-5-4-memoria-micro-sd\/#primaryimage\",\"url\":\"https:\/\/viveint.com\/wp-content\/uploads\/2024\/11\/TF-Y17.png\",\"contentUrl\":\"https:\/\/viveint.com\/wp-content\/uploads\/2024\/11\/TF-Y17.png\",\"width\":1430,\"height\":1388},{\"@type\":\"BreadcrumbList\",\"@id\":\"https:\/\/viveint.com\/wp\/product\/bocinas-soporte-transformer-tf-y17-hifi-stereo-bluetooth-5-4-memoria-micro-sd\/#breadcrumb\",\"itemListElement\":[{\"@type\":\"ListItem\",\"position\":1,\"name\":\"Portada\",\"item\":\"https:\/\/viveint.com\/wp\/\"},{\"@type\":\"ListItem\",\"position\":2,\"name\":\"Cat\u00e1logo\",\"item\":\"https:\/\/viveint.com\/wp\/catalogo\/\"},{\"@type\":\"ListItem\",\"position\":3,\"name\":\"BOCINAS\/SOPORTE TRANSFORMER TF-Y17 HiFi STEREO\/BLUETOOTH 5.4\/ MEMORIA MICRO SD\"}]},{\"@type\":\"WebSite\",\"@id\":\"https:\/\/viveint.com\/wp\/#website\",\"url\":\"https:\/\/viveint.com\/wp\/\",\"name\":\"VIVE INTERNACIONAL, S.A\",\"description\":\"Distribuidora de productos electr\u00f3nicos y electrodom\u00e9sticos variados al por mayor.\",\"publisher\":{\"@id\":\"https:\/\/viveint.com\/wp\/#organization\"},\"potentialAction\":[{\"@type\":\"SearchAction\",\"target\":{\"@type\":\"EntryPoint\",\"urlTemplate\":\"https:\/\/viveint.com\/wp\/?s={search_term_string}\"},\"query-input\":{\"@type\":\"PropertyValueSpecification\",\"valueRequired\":true,\"valueName\":\"search_term_string\"}}],\"inLanguage\":\"es\"},{\"@type\":\"Organization\",\"@id\":\"https:\/\/viveint.com\/wp\/#organization\",\"name\":\"VIVE INTERNACIONAL, S.A\",\"url\":\"https:\/\/viveint.com\/wp\/\",\"logo\":{\"@type\":\"ImageObject\",\"inLanguage\":\"es\",\"@id\":\"https:\/\/viveint.com\/wp\/#\/schema\/logo\/image\/\",\"url\":\"https:\/\/viveint.com\/wp-content\/uploads\/2024\/10\/VIVE-512x512-1.png\",\"contentUrl\":\"https:\/\/viveint.com\/wp-content\/uploads\/2024\/10\/VIVE-512x512-1.png\",\"width\":512,\"height\":512,\"caption\":\"VIVE INTERNACIONAL, S.A\"},\"image\":{\"@id\":\"https:\/\/viveint.com\/wp\/#\/schema\/logo\/image\/\"},\"sameAs\":[\"https:\/\/www.facebook.com\/people\/Vive-Internacional\/100093043990181\/\",\"https:\/\/www.instagram.com\/vive_internacional\/\"]}]}<\/script>\n<!-- \/ Yoast SEO plugin. -->","yoast_head_json":{"title":"BOCINAS\/SOPORTE TRANSFORMER TF-Y17 HiFi STEREO\/BLUETOOTH 5.4\/ MEMORIA MICRO SD - VIVE INTERNACIONAL, S.A","robots":{"index":"index","follow":"follow","max-snippet":"max-snippet:-1","max-image-preview":"max-image-preview:large","max-video-preview":"max-video-preview:-1"},"canonical":"https:\/\/viveint.com\/wp\/product\/bocinas-soporte-transformer-tf-y17-hifi-stereo-bluetooth-5-4-memoria-micro-sd\/","og_locale":"es_ES","og_type":"article","og_title":"BOCINAS\/SOPORTE TRANSFORMER TF-Y17 HiFi STEREO\/BLUETOOTH 5.4\/ MEMORIA MICRO SD - VIVE INTERNACIONAL, S.A","og_description":"Eleva tu cat\u00e1logo con esta bocina port\u00e1til con la tem\u00e1tica de los Transformers, ideal para los fan\u00e1ticos de esta gran franquicia. Dise\u00f1o compacto y moderno, equipada con luces LED multicolor que captan la atenci\u00f3n y a\u00f1aden estilo a cualquier ambiente. Perfecta para fiestas, reuniones y uso personal gracias a su calidad de sonido n\u00edtida y [&hellip;]","og_url":"https:\/\/viveint.com\/wp\/product\/bocinas-soporte-transformer-tf-y17-hifi-stereo-bluetooth-5-4-memoria-micro-sd\/","og_site_name":"VIVE INTERNACIONAL, S.A","article_publisher":"https:\/\/www.facebook.com\/people\/Vive-Internacional\/100093043990181\/","article_modified_time":"2025-08-17T04:14:06+00:00","og_image":[{"width":1430,"height":1388,"url":"https:\/\/viveint.com\/wp-content\/uploads\/2024\/11\/TF-Y17.png","type":"image\/png"}],"twitter_card":"summary_large_image","schema":{"@context":"https:\/\/schema.org","@graph":[{"@type":"WebPage","@id":"https:\/\/viveint.com\/wp\/product\/bocinas-soporte-transformer-tf-y17-hifi-stereo-bluetooth-5-4-memoria-micro-sd\/","url":"https:\/\/viveint.com\/wp\/product\/bocinas-soporte-transformer-tf-y17-hifi-stereo-bluetooth-5-4-memoria-micro-sd\/","name":"BOCINAS\/SOPORTE TRANSFORMER TF-Y17 HiFi STEREO\/BLUETOOTH 5.4\/ MEMORIA MICRO SD - VIVE INTERNACIONAL, S.A","isPartOf":{"@id":"https:\/\/viveint.com\/wp\/#website"},"primaryImageOfPage":{"@id":"https:\/\/viveint.com\/wp\/product\/bocinas-soporte-transformer-tf-y17-hifi-stereo-bluetooth-5-4-memoria-micro-sd\/#primaryimage"},"image":{"@id":"https:\/\/viveint.com\/wp\/product\/bocinas-soporte-transformer-tf-y17-hifi-stereo-bluetooth-5-4-memoria-micro-sd\/#primaryimage"},"thumbnailUrl":"https:\/\/viveint.com\/wp-content\/uploads\/2024\/11\/TF-Y17.png","datePublished":"2024-11-17T05:57:00+00:00","dateModified":"2025-08-17T04:14:06+00:00","breadcrumb":{"@id":"https:\/\/viveint.com\/wp\/product\/bocinas-soporte-transformer-tf-y17-hifi-stereo-bluetooth-5-4-memoria-micro-sd\/#breadcrumb"},"inLanguage":"es","potentialAction":[{"@type":"ReadAction","target":["https:\/\/viveint.com\/wp\/product\/bocinas-soporte-transformer-tf-y17-hifi-stereo-bluetooth-5-4-memoria-micro-sd\/"]}]},{"@type":"ImageObject","inLanguage":"es","@id":"https:\/\/viveint.com\/wp\/product\/bocinas-soporte-transformer-tf-y17-hifi-stereo-bluetooth-5-4-memoria-micro-sd\/#primaryimage","url":"https:\/\/viveint.com\/wp-content\/uploads\/2024\/11\/TF-Y17.png","contentUrl":"https:\/\/viveint.com\/wp-content\/uploads\/2024\/11\/TF-Y17.png","width":1430,"height":1388},{"@type":"BreadcrumbList","@id":"https:\/\/viveint.com\/wp\/product\/bocinas-soporte-transformer-tf-y17-hifi-stereo-bluetooth-5-4-memoria-micro-sd\/#breadcrumb","itemListElement":[{"@type":"ListItem","position":1,"name":"Portada","item":"https:\/\/viveint.com\/wp\/"},{"@type":"ListItem","position":2,"name":"Cat\u00e1logo","item":"https:\/\/viveint.com\/wp\/catalogo\/"},{"@type":"ListItem","position":3,"name":"BOCINAS\/SOPORTE TRANSFORMER TF-Y17 HiFi STEREO\/BLUETOOTH 5.4\/ MEMORIA MICRO SD"}]},{"@type":"WebSite","@id":"https:\/\/viveint.com\/wp\/#website","url":"https:\/\/viveint.com\/wp\/","name":"VIVE INTERNACIONAL, S.A","description":"Distribuidora de productos electr\u00f3nicos y electrodom\u00e9sticos variados al por mayor.","publisher":{"@id":"https:\/\/viveint.com\/wp\/#organization"},"potentialAction":[{"@type":"SearchAction","target":{"@type":"EntryPoint","urlTemplate":"https:\/\/viveint.com\/wp\/?s={search_term_string}"},"query-input":{"@type":"PropertyValueSpecification","valueRequired":true,"valueName":"search_term_string"}}],"inLanguage":"es"},{"@type":"Organization","@id":"https:\/\/viveint.com\/wp\/#organization","name":"VIVE INTERNACIONAL, S.A","url":"https:\/\/viveint.com\/wp\/","logo":{"@type":"ImageObject","inLanguage":"es","@id":"https:\/\/viveint.com\/wp\/#\/schema\/logo\/image\/","url":"https:\/\/viveint.com\/wp-content\/uploads\/2024\/10\/VIVE-512x512-1.png","contentUrl":"https:\/\/viveint.com\/wp-content\/uploads\/2024\/10\/VIVE-512x512-1.png","width":512,"height":512,"caption":"VIVE INTERNACIONAL, S.A"},"image":{"@id":"https:\/\/viveint.com\/wp\/#\/schema\/logo\/image\/"},"sameAs":["https:\/\/www.facebook.com\/people\/Vive-Internacional\/100093043990181\/","https:\/\/www.instagram.com\/vive_internacional\/"]}]}},"_links":{"self":[{"href":"https:\/\/viveint.com\/wp\/wp-json\/wp\/v2\/product\/3277","targetHints":{"allow":["GET"]}}],"collection":[{"href":"https:\/\/viveint.com\/wp\/wp-json\/wp\/v2\/product"}],"about":[{"href":"https:\/\/viveint.com\/wp\/wp-json\/wp\/v2\/types\/product"}],"replies":[{"embeddable":true,"href":"https:\/\/viveint.com\/wp\/wp-json\/wp\/v2\/comments?post=3277"}],"wp:featuredmedia":[{"embeddable":true,"href":"https:\/\/viveint.com\/wp\/wp-json\/wp\/v2\/media\/3319"}],"wp:attachment":[{"href":"https:\/\/viveint.com\/wp\/wp-json\/wp\/v2\/media?parent=3277"}],"wp:term":[{"taxonomy":"product_cat","embeddable":true,"href":"https:\/\/viveint.com\/wp\/wp-json\/wp\/v2\/product_cat?post=3277"},{"taxonomy":"product_tag","embeddable":true,"href":"https:\/\/viveint.com\/wp\/wp-json\/wp\/v2\/product_tag?post=3277"}],"curies":[{"name":"wp","href":"https:\/\/api.w.org\/{rel}","templated":true}]}}