{"id":24,"date":"2024-10-21T03:16:16","date_gmt":"2024-10-21T03:16:16","guid":{"rendered":"http:\/\/localhost\/wp\/?page_id=24"},"modified":"2024-11-20T20:30:18","modified_gmt":"2024-11-21T01:30:18","slug":"contact","status":"publish","type":"page","link":"https:\/\/viveint.com\/wp\/contact\/","title":{"rendered":"Contacto"},"content":{"rendered":"\t\t<div data-elementor-type=\"wp-page\" data-elementor-id=\"24\" class=\"elementor elementor-24\">\n\t\t\t\t<div class=\"elementor-element elementor-element-ee6b098 e-flex e-con-boxed e-con e-parent\" data-id=\"ee6b098\" data-element_type=\"container\" data-settings=\"{&quot;background_background&quot;:&quot;classic&quot;}\">\n\t\t\t\t\t<div class=\"e-con-inner\">\n\t\t<div class=\"elementor-element elementor-element-93eb822 e-con-full e-flex e-con e-child\" data-id=\"93eb822\" data-element_type=\"container\">\n\t\t\t\t<div class=\"elementor-element elementor-element-36e7849 elementor-widget elementor-widget-heading\" data-id=\"36e7849\" data-element_type=\"widget\" data-widget_type=\"heading.default\">\n\t\t\t\t<div class=\"elementor-widget-container\">\n\t\t\t<h1 class=\"elementor-heading-title elementor-size-default\">Cont\u00e1ctanos<\/h1>\t\t<\/div>\n\t\t\t\t<\/div>\n\t\t\t\t<\/div>\n\t\t\t\t\t<\/div>\n\t\t\t\t<\/div>\n\t\t<div class=\"elementor-element elementor-element-30ce5c3 e-con-full e-flex e-con e-parent\" data-id=\"30ce5c3\" data-element_type=\"container\">\n\t\t<div class=\"elementor-element elementor-element-beb5126 e-con-full e-flex e-con e-child\" data-id=\"beb5126\" data-element_type=\"container\">\n\t\t\t\t<div class=\"elementor-element elementor-element-07877f1 elementor-widget elementor-widget-google_maps\" data-id=\"07877f1\" data-element_type=\"widget\" data-widget_type=\"google_maps.default\">\n\t\t\t\t<div class=\"elementor-widget-container\">\n\t\t\t\t\t<div class=\"elementor-custom-embed\">\n\t\t\t<iframe loading=\"lazy\"\n\t\t\t\t\tsrc=\"https:\/\/maps.google.com\/maps?q=vive%20internacional&#038;t=m&#038;z=18&#038;output=embed&#038;iwloc=near\"\n\t\t\t\t\ttitle=\"vive internacional\"\n\t\t\t\t\taria-label=\"vive internacional\"\n\t\t\t><\/iframe>\n\t\t<\/div>\n\t\t\t\t<\/div>\n\t\t\t\t<\/div>\n\t\t\t\t<\/div>\n\t\t\t\t<\/div>\n\t\t<div class=\"elementor-element elementor-element-71ce4c2 e-flex e-con-boxed e-con e-parent\" data-id=\"71ce4c2\" data-element_type=\"container\" data-settings=\"{&quot;background_background&quot;:&quot;classic&quot;}\">\n\t\t\t\t\t<div class=\"e-con-inner\">\n\t\t<div class=\"elementor-element elementor-element-b6ddaff e-con-full e-flex e-con e-child\" data-id=\"b6ddaff\" data-element_type=\"container\">\n\t\t\t\t<div class=\"elementor-element elementor-element-06dbf78 elementor-view-default elementor-position-top elementor-mobile-position-top elementor-widget elementor-widget-icon-box\" data-id=\"06dbf78\" data-element_type=\"widget\" data-widget_type=\"icon-box.default\">\n\t\t\t\t<div class=\"elementor-widget-container\">\n\t\t\t\t\t<div class=\"elementor-icon-box-wrapper\">\n\n\t\t\t\t\t\t<div class=\"elementor-icon-box-icon\">\n\t\t\t\t<span  class=\"elementor-icon elementor-animation-\">\n\t\t\t\t<svg aria-hidden=\"true\" class=\"e-font-icon-svg e-fas-store\" viewBox=\"0 0 616 512\" xmlns=\"http:\/\/www.w3.org\/2000\/svg\"><path d=\"M602 118.6L537.1 15C531.3 5.7 521 0 510 0H106C95 0 84.7 5.7 78.9 15L14 118.6c-33.5 53.5-3.8 127.9 58.8 136.4 4.5.6 9.1.9 13.7.9 29.6 0 55.8-13 73.8-33.1 18 20.1 44.3 33.1 73.8 33.1 29.6 0 55.8-13 73.8-33.1 18 20.1 44.3 33.1 73.8 33.1 29.6 0 55.8-13 73.8-33.1 18.1 20.1 44.3 33.1 73.8 33.1 4.7 0 9.2-.3 13.7-.9 62.8-8.4 92.6-82.8 59-136.4zM529.5 288c-10 0-19.9-1.5-29.5-3.8V384H116v-99.8c-9.6 2.2-19.5 3.8-29.5 3.8-6 0-12.1-.4-18-1.2-5.6-.8-11.1-2.1-16.4-3.6V480c0 17.7 14.3 32 32 32h448c17.7 0 32-14.3 32-32V283.2c-5.4 1.6-10.8 2.9-16.4 3.6-6.1.8-12.1 1.2-18.2 1.2z\"><\/path><\/svg>\t\t\t\t<\/span>\n\t\t\t<\/div>\n\t\t\t\n\t\t\t\t\t\t<div class=\"elementor-icon-box-content\">\n\n\t\t\t\t\t\t\t\t\t<h5 class=\"elementor-icon-box-title\">\n\t\t\t\t\t\t<span  >\n\t\t\t\t\t\t\t+(507) 69132771\t\t\t\t\t\t<\/span>\n\t\t\t\t\t<\/h5>\n\t\t\t\t\n\t\t\t\t\t\t\t\t\t<p class=\"elementor-icon-box-description\">\n\t\t\t\t\t\tZona Libre sucursal 1 - Puerta 4 \t\t\t\t\t<\/p>\n\t\t\t\t\n\t\t\t<\/div>\n\t\t\t\n\t\t<\/div>\n\t\t\t\t<\/div>\n\t\t\t\t<\/div>\n\t\t\t\t<\/div>\n\t\t<div class=\"elementor-element elementor-element-a40dfbe e-con-full e-flex e-con e-child\" data-id=\"a40dfbe\" data-element_type=\"container\">\n\t\t\t\t<div class=\"elementor-element elementor-element-b9e8209 elementor-view-default elementor-position-top elementor-mobile-position-top elementor-widget elementor-widget-icon-box\" data-id=\"b9e8209\" data-element_type=\"widget\" data-widget_type=\"icon-box.default\">\n\t\t\t\t<div class=\"elementor-widget-container\">\n\t\t\t\t\t<div class=\"elementor-icon-box-wrapper\">\n\n\t\t\t\t\t\t<div class=\"elementor-icon-box-icon\">\n\t\t\t\t<span  class=\"elementor-icon elementor-animation-\">\n\t\t\t\t<svg aria-hidden=\"true\" class=\"e-font-icon-svg e-fas-store-alt\" viewBox=\"0 0 640 512\" xmlns=\"http:\/\/www.w3.org\/2000\/svg\"><path d=\"M320 384H128V224H64v256c0 17.7 14.3 32 32 32h256c17.7 0 32-14.3 32-32V224h-64v160zm314.6-241.8l-85.3-128c-6-8.9-16-14.2-26.7-14.2H117.4c-10.7 0-20.7 5.3-26.6 14.2l-85.3 128c-14.2 21.3 1 49.8 26.6 49.8H608c25.5 0 40.7-28.5 26.6-49.8zM512 496c0 8.8 7.2 16 16 16h32c8.8 0 16-7.2 16-16V224h-64v272z\"><\/path><\/svg>\t\t\t\t<\/span>\n\t\t\t<\/div>\n\t\t\t\n\t\t\t\t\t\t<div class=\"elementor-icon-box-content\">\n\n\t\t\t\t\t\t\t\t\t<h5 class=\"elementor-icon-box-title\">\n\t\t\t\t\t\t<span  >\n\t\t\t\t\t\t\t+(507) 63994288\t\t\t\t\t\t<\/span>\n\t\t\t\t\t<\/h5>\n\t\t\t\t\n\t\t\t\t\t\t\t\t\t<p class=\"elementor-icon-box-description\">\n\t\t\t\t\t\tZona Libre sucursal 2 - Puerta 6 \t\t\t\t\t<\/p>\n\t\t\t\t\n\t\t\t<\/div>\n\t\t\t\n\t\t<\/div>\n\t\t\t\t<\/div>\n\t\t\t\t<\/div>\n\t\t\t\t<\/div>\n\t\t\t\t\t<\/div>\n\t\t\t\t<\/div>\n\t\t<div class=\"elementor-element elementor-element-33c2acb e-flex e-con-boxed e-con e-parent\" data-id=\"33c2acb\" data-element_type=\"container\" data-settings=\"{&quot;background_background&quot;:&quot;classic&quot;}\">\n\t\t\t\t\t<div class=\"e-con-inner\">\n\t\t<div class=\"elementor-element elementor-element-031c53b e-con-full e-flex e-con e-child\" data-id=\"031c53b\" data-element_type=\"container\" data-settings=\"{&quot;background_background&quot;:&quot;classic&quot;}\">\n\t\t\t\t<div class=\"elementor-element elementor-element-8403fd6 elementor-widget elementor-widget-heading\" data-id=\"8403fd6\" data-element_type=\"widget\" data-widget_type=\"heading.default\">\n\t\t\t\t<div class=\"elementor-widget-container\">\n\t\t\t<h3 class=\"elementor-heading-title elementor-size-default\">Ponte en contacto<\/h3>\t\t<\/div>\n\t\t\t\t<\/div>\n\t\t\t\t<div class=\"elementor-element elementor-element-71a0bde elementor-widget elementor-widget-wpforms\" data-id=\"71a0bde\" data-element_type=\"widget\" data-widget_type=\"wpforms.default\">\n\t\t\t\t<div class=\"elementor-widget-container\">\n\t\t\t<div class=\"wpforms-container \" id=\"wpforms-11\"><form id=\"wpforms-form-11\" class=\"wpforms-validate wpforms-form\" data-formid=\"11\" method=\"post\" enctype=\"multipart\/form-data\" action=\"\/wp\/wp-json\/wp\/v2\/pages\/24\" data-token=\"31dbc8b497e479c0a85a6101eeee2126\" data-token-time=\"1776572972\"><noscript class=\"wpforms-error-noscript\">Por favor, activa JavaScript en tu navegador para completar este formulario.<\/noscript><div class=\"wpforms-field-container\"><div id=\"wpforms-11-field_0-container\" class=\"wpforms-field wpforms-field-name\" data-field-id=\"0\"><label class=\"wpforms-field-label wpforms-label-hide\" for=\"wpforms-11-field_0\">Name<\/label><div class=\"wpforms-field-row wpforms-field-large\"><div class=\"wpforms-field-row-block wpforms-first wpforms-one-half\"><input type=\"text\" id=\"wpforms-11-field_0\" class=\"wpforms-field-name-first\" name=\"wpforms[fields][0][first]\" placeholder=\"First name\" ><label for=\"wpforms-11-field_0\" class=\"wpforms-field-sublabel after wpforms-sublabel-hide\">Nombre<\/label><\/div><div class=\"wpforms-field-row-block wpforms-one-half\"><input type=\"text\" id=\"wpforms-11-field_0-last\" class=\"wpforms-field-name-last\" name=\"wpforms[fields][0][last]\" placeholder=\"Last name\" ><label for=\"wpforms-11-field_0-last\" class=\"wpforms-field-sublabel after wpforms-sublabel-hide\">Apellidos<\/label><\/div><\/div><\/div><div id=\"wpforms-11-field_1-container\" class=\"wpforms-field wpforms-field-email\" data-field-id=\"1\"><label class=\"wpforms-field-label wpforms-label-hide\" for=\"wpforms-11-field_1\">Email<\/label><input type=\"email\" id=\"wpforms-11-field_1\" class=\"wpforms-field-large\" name=\"wpforms[fields][1]\" placeholder=\"Enter email address\" spellcheck=\"false\" ><\/div><div id=\"wpforms-11-field_2-container\" class=\"wpforms-field wpforms-field-textarea\" data-field-id=\"2\"><label class=\"wpforms-field-label wpforms-label-hide\" for=\"wpforms-11-field_2\">Comment or Message<\/label><textarea id=\"wpforms-11-field_2\" class=\"wpforms-field-large\" name=\"wpforms[fields][2]\" placeholder=\"Enter your message\" ><\/textarea><\/div><\/div><!-- .wpforms-field-container --><div class=\"wpforms-submit-container\" ><input type=\"hidden\" name=\"wpforms[id]\" value=\"11\"><input type=\"hidden\" name=\"page_title\" value=\"\"><input type=\"hidden\" name=\"page_url\" value=\"https:\/\/viveint.com\/wp\/wp-json\/wp\/v2\/pages\/24\"><button type=\"submit\" name=\"wpforms[submit]\" id=\"wpforms-submit-11\" class=\"wpforms-submit\" data-alt-text=\"Sending...\" data-submit-text=\"Send Message\" aria-live=\"assertive\" value=\"wpforms-submit\">Send Message<\/button><\/div><\/form><\/div>  <!-- .wpforms-container -->\t\t<\/div>\n\t\t\t\t<\/div>\n\t\t\t\t<\/div>\n\t\t<div class=\"elementor-element elementor-element-6304b52 e-con-full e-flex e-con e-child\" data-id=\"6304b52\" data-element_type=\"container\">\n\t\t\t\t<div class=\"elementor-element elementor-element-24026a6 elementor-widget elementor-widget-heading\" data-id=\"24026a6\" data-element_type=\"widget\" data-widget_type=\"heading.default\">\n\t\t\t\t<div class=\"elementor-widget-container\">\n\t\t\t<h3 class=\"elementor-heading-title elementor-size-default\">Detalles<\/h3>\t\t<\/div>\n\t\t\t\t<\/div>\n\t\t\t\t<div class=\"elementor-element elementor-element-8aab679 elementor-widget elementor-widget-heading\" data-id=\"8aab679\" data-element_type=\"widget\" data-widget_type=\"heading.default\">\n\t\t\t\t<div class=\"elementor-widget-container\">\n\t\t\t<h5 class=\"elementor-heading-title elementor-size-default\">Horarios<\/h5>\t\t<\/div>\n\t\t\t\t<\/div>\n\t\t\t\t<div class=\"elementor-element elementor-element-ce56a6c elementor-widget elementor-widget-text-editor\" data-id=\"ce56a6c\" data-element_type=\"widget\" data-widget_type=\"text-editor.default\">\n\t\t\t\t<div class=\"elementor-widget-container\">\n\t\t\t\t\t\t\t<p>8:30 AM &#8211; 5:30 PM<\/p><p>Lunes a viernes<\/p><p>\u00a0<\/p>\t\t\t\t\t\t<\/div>\n\t\t\t\t<\/div>\n\t\t\t\t<div class=\"elementor-element elementor-element-d37b152 elementor-widget elementor-widget-heading\" data-id=\"d37b152\" data-element_type=\"widget\" data-widget_type=\"heading.default\">\n\t\t\t\t<div class=\"elementor-widget-container\">\n\t\t\t<h5 class=\"elementor-heading-title elementor-size-default\">Location<\/h5>\t\t<\/div>\n\t\t\t\t<\/div>\n\t\t\t\t<div class=\"elementor-element elementor-element-4b7bc6a elementor-widget elementor-widget-text-editor\" data-id=\"4b7bc6a\" data-element_type=\"widget\" data-widget_type=\"text-editor.default\">\n\t\t\t\t<div class=\"elementor-widget-container\">\n\t\t\t\t\t\t\t<p class=\"_ap3a _aaco _aacu _aacy _aad6 _aade\" dir=\"auto\">Calle 14 Santa Isabel, diagonal a Motta \/ Salida al corredor, diagonal a la Linda, Av. Jos\u00e9 Dominador Baz\u00e1n, Col\u00f3n, Panama 507<\/p>\t\t\t\t\t\t<\/div>\n\t\t\t\t<\/div>\n\t\t\t\t<div class=\"elementor-element elementor-element-f01fced elementor-widget elementor-widget-heading\" data-id=\"f01fced\" data-element_type=\"widget\" data-widget_type=\"heading.default\">\n\t\t\t\t<div class=\"elementor-widget-container\">\n\t\t\t<h5 class=\"elementor-heading-title elementor-size-default\">Cont\u00e1ctanos<\/h5>\t\t<\/div>\n\t\t\t\t<\/div>\n\t\t\t\t<div class=\"elementor-element elementor-element-a87bfa2 elementor-widget elementor-widget-text-editor\" data-id=\"a87bfa2\" data-element_type=\"widget\" data-widget_type=\"text-editor.default\">\n\t\t\t\t<div class=\"elementor-widget-container\">\n\t\t\t\t\t\t\t<p><span class=\"_ap3a _aaco _aacu _aacx _aad7 _aade\" dir=\"auto\">\ud83d\udccdZona Libre sucursal 1 &#8211; Puerta 4 <br \/>+(507) 69132771<br \/>\ud83d\udccdZona Libre sucursal 2 &#8211; Puerta 6 <br \/>+(507) 63994288<\/span><\/p>\t\t\t\t\t\t<\/div>\n\t\t\t\t<\/div>\n\t\t\t\t<\/div>\n\t\t\t\t\t<\/div>\n\t\t\t\t<\/div>\n\t\t\t\t<\/div>\n\t\t","protected":false},"excerpt":{"rendered":"<p>Cont\u00e1ctanos +(507) 69132771 Zona Libre sucursal 1 &#8211; Puerta 4 +(507) 63994288 Zona Libre sucursal 2 &#8211; Puerta 6 Ponte en contacto Por favor, activa JavaScript en tu navegador para completar este formulario.NameNombreApellidosEmailComment or Message Send Message Detalles Horarios 8:30 AM &#8211; 5:30 PM Lunes a viernes \u00a0 Location Calle 14 Santa Isabel, diagonal a [&hellip;]<\/p>\n","protected":false},"author":1,"featured_media":0,"parent":0,"menu_order":0,"comment_status":"closed","ping_status":"closed","template":"","meta":{"_surecart_dashboard_logo_width":"180px","_surecart_dashboard_show_logo":true,"_surecart_dashboard_navigation_orders":true,"_surecart_dashboard_navigation_subscriptions":true,"_surecart_dashboard_navigation_downloads":true,"_surecart_dashboard_navigation_billing":true,"_surecart_dashboard_navigation_account":true,"site-sidebar-layout":"no-sidebar","site-content-layout":"page-builder","ast-site-content-layout":"","site-content-style":"default","site-sidebar-style":"default","ast-global-header-display":"","ast-banner-title-visibility":"","ast-main-header-display":"","ast-hfb-above-header-display":"","ast-hfb-below-header-display":"","ast-hfb-mobile-header-display":"","site-post-title":"disabled","ast-breadcrumbs-content":"disabled","ast-featured-img":"disabled","footer-sml-layout":"","theme-transparent-header-meta":"enabled","adv-header-id-meta":"","stick-header-meta":"","header-above-stick-meta":"","header-main-stick-meta":"","header-below-stick-meta":"","astra-migrate-meta-layouts":"default","ast-page-background-enabled":"default","ast-page-background-meta":{"desktop":{"background-color":"","background-image":"","background-repeat":"repeat","background-position":"center center","background-size":"auto","background-attachment":"scroll","background-type":"","background-media":"","overlay-type":"","overlay-color":"","overlay-opacity":"","overlay-gradient":""},"tablet":{"background-color":"","background-image":"","background-repeat":"repeat","background-position":"center center","background-size":"auto","background-attachment":"scroll","background-type":"","background-media":"","overlay-type":"","overlay-color":"","overlay-opacity":"","overlay-gradient":""},"mobile":{"background-color":"","background-image":"","background-repeat":"repeat","background-position":"center center","background-size":"auto","background-attachment":"scroll","background-type":"","background-media":"","overlay-type":"","overlay-color":"","overlay-opacity":"","overlay-gradient":""}},"ast-content-background-meta":{"desktop":{"background-color":"var(--ast-global-color-5)","background-image":"","background-repeat":"repeat","background-position":"center center","background-size":"auto","background-attachment":"scroll","background-type":"","background-media":"","overlay-type":"","overlay-color":"","overlay-opacity":"","overlay-gradient":""},"tablet":{"background-color":"var(--ast-global-color-5)","background-image":"","background-repeat":"repeat","background-position":"center center","background-size":"auto","background-attachment":"scroll","background-type":"","background-media":"","overlay-type":"","overlay-color":"","overlay-opacity":"","overlay-gradient":""},"mobile":{"background-color":"var(--ast-global-color-5)","background-image":"","background-repeat":"repeat","background-position":"center center","background-size":"auto","background-attachment":"scroll","background-type":"","background-media":"","overlay-type":"","overlay-color":"","overlay-opacity":"","overlay-gradient":""}},"footnotes":""},"class_list":["post-24","page","type-page","status-publish","hentry"],"yoast_head":"<!-- This site is optimized with the Yoast SEO plugin v24.0 - https:\/\/yoast.com\/wordpress\/plugins\/seo\/ -->\n<title>Contacto - VIVE INTERNACIONAL, S.A<\/title>\n<meta name=\"robots\" content=\"index, follow, max-snippet:-1, max-image-preview:large, max-video-preview:-1\" \/>\n<link rel=\"canonical\" href=\"https:\/\/viveint.com\/wp\/contact\/\" \/>\n<meta property=\"og:locale\" content=\"es_ES\" \/>\n<meta property=\"og:type\" content=\"article\" \/>\n<meta property=\"og:title\" content=\"Contacto - VIVE INTERNACIONAL, S.A\" \/>\n<meta property=\"og:description\" content=\"Cont\u00e1ctanos +(507) 69132771 Zona Libre sucursal 1 &#8211; Puerta 4 +(507) 63994288 Zona Libre sucursal 2 &#8211; Puerta 6 Ponte en contacto Por favor, activa JavaScript en tu navegador para completar este formulario.NameNombreApellidosEmailComment or Message Send Message Detalles Horarios 8:30 AM &#8211; 5:30 PM Lunes a viernes \u00a0 Location Calle 14 Santa Isabel, diagonal a [&hellip;]\" \/>\n<meta property=\"og:url\" content=\"https:\/\/viveint.com\/wp\/contact\/\" \/>\n<meta property=\"og:site_name\" content=\"VIVE INTERNACIONAL, S.A\" \/>\n<meta property=\"article:publisher\" content=\"https:\/\/www.facebook.com\/people\/Vive-Internacional\/100093043990181\/\" \/>\n<meta property=\"article:modified_time\" content=\"2024-11-21T01:30:18+00:00\" \/>\n<meta name=\"twitter:card\" content=\"summary_large_image\" \/>\n<meta name=\"twitter:label1\" content=\"Tiempo de lectura\" \/>\n\t<meta name=\"twitter:data1\" content=\"1 minuto\" \/>\n<script type=\"application\/ld+json\" class=\"yoast-schema-graph\">{\"@context\":\"https:\/\/schema.org\",\"@graph\":[{\"@type\":\"WebPage\",\"@id\":\"https:\/\/viveint.com\/wp\/contact\/\",\"url\":\"https:\/\/viveint.com\/wp\/contact\/\",\"name\":\"Contacto - VIVE INTERNACIONAL, S.A\",\"isPartOf\":{\"@id\":\"https:\/\/viveint.com\/wp\/#website\"},\"datePublished\":\"2024-10-21T03:16:16+00:00\",\"dateModified\":\"2024-11-21T01:30:18+00:00\",\"breadcrumb\":{\"@id\":\"https:\/\/viveint.com\/wp\/contact\/#breadcrumb\"},\"inLanguage\":\"es\",\"potentialAction\":[{\"@type\":\"ReadAction\",\"target\":[\"https:\/\/viveint.com\/wp\/contact\/\"]}]},{\"@type\":\"BreadcrumbList\",\"@id\":\"https:\/\/viveint.com\/wp\/contact\/#breadcrumb\",\"itemListElement\":[{\"@type\":\"ListItem\",\"position\":1,\"name\":\"Portada\",\"item\":\"https:\/\/viveint.com\/wp\/\"},{\"@type\":\"ListItem\",\"position\":2,\"name\":\"Contacto\"}]},{\"@type\":\"WebSite\",\"@id\":\"https:\/\/viveint.com\/wp\/#website\",\"url\":\"https:\/\/viveint.com\/wp\/\",\"name\":\"VIVE INTERNACIONAL, S.A\",\"description\":\"Distribuidora de productos electr\u00f3nicos y electrodom\u00e9sticos variados al por mayor.\",\"publisher\":{\"@id\":\"https:\/\/viveint.com\/wp\/#organization\"},\"potentialAction\":[{\"@type\":\"SearchAction\",\"target\":{\"@type\":\"EntryPoint\",\"urlTemplate\":\"https:\/\/viveint.com\/wp\/?s={search_term_string}\"},\"query-input\":{\"@type\":\"PropertyValueSpecification\",\"valueRequired\":true,\"valueName\":\"search_term_string\"}}],\"inLanguage\":\"es\"},{\"@type\":\"Organization\",\"@id\":\"https:\/\/viveint.com\/wp\/#organization\",\"name\":\"VIVE INTERNACIONAL, S.A\",\"url\":\"https:\/\/viveint.com\/wp\/\",\"logo\":{\"@type\":\"ImageObject\",\"inLanguage\":\"es\",\"@id\":\"https:\/\/viveint.com\/wp\/#\/schema\/logo\/image\/\",\"url\":\"https:\/\/viveint.com\/wp-content\/uploads\/2024\/10\/VIVE-512x512-1.png\",\"contentUrl\":\"https:\/\/viveint.com\/wp-content\/uploads\/2024\/10\/VIVE-512x512-1.png\",\"width\":512,\"height\":512,\"caption\":\"VIVE INTERNACIONAL, S.A\"},\"image\":{\"@id\":\"https:\/\/viveint.com\/wp\/#\/schema\/logo\/image\/\"},\"sameAs\":[\"https:\/\/www.facebook.com\/people\/Vive-Internacional\/100093043990181\/\",\"https:\/\/www.instagram.com\/vive_internacional\/\"]}]}<\/script>\n<!-- \/ Yoast SEO plugin. -->","yoast_head_json":{"title":"Contacto - VIVE INTERNACIONAL, S.A","robots":{"index":"index","follow":"follow","max-snippet":"max-snippet:-1","max-image-preview":"max-image-preview:large","max-video-preview":"max-video-preview:-1"},"canonical":"https:\/\/viveint.com\/wp\/contact\/","og_locale":"es_ES","og_type":"article","og_title":"Contacto - VIVE INTERNACIONAL, S.A","og_description":"Cont\u00e1ctanos +(507) 69132771 Zona Libre sucursal 1 &#8211; Puerta 4 +(507) 63994288 Zona Libre sucursal 2 &#8211; Puerta 6 Ponte en contacto Por favor, activa JavaScript en tu navegador para completar este formulario.NameNombreApellidosEmailComment or Message Send Message Detalles Horarios 8:30 AM &#8211; 5:30 PM Lunes a viernes \u00a0 Location Calle 14 Santa Isabel, diagonal a [&hellip;]","og_url":"https:\/\/viveint.com\/wp\/contact\/","og_site_name":"VIVE INTERNACIONAL, S.A","article_publisher":"https:\/\/www.facebook.com\/people\/Vive-Internacional\/100093043990181\/","article_modified_time":"2024-11-21T01:30:18+00:00","twitter_card":"summary_large_image","twitter_misc":{"Tiempo de lectura":"1 minuto"},"schema":{"@context":"https:\/\/schema.org","@graph":[{"@type":"WebPage","@id":"https:\/\/viveint.com\/wp\/contact\/","url":"https:\/\/viveint.com\/wp\/contact\/","name":"Contacto - VIVE INTERNACIONAL, S.A","isPartOf":{"@id":"https:\/\/viveint.com\/wp\/#website"},"datePublished":"2024-10-21T03:16:16+00:00","dateModified":"2024-11-21T01:30:18+00:00","breadcrumb":{"@id":"https:\/\/viveint.com\/wp\/contact\/#breadcrumb"},"inLanguage":"es","potentialAction":[{"@type":"ReadAction","target":["https:\/\/viveint.com\/wp\/contact\/"]}]},{"@type":"BreadcrumbList","@id":"https:\/\/viveint.com\/wp\/contact\/#breadcrumb","itemListElement":[{"@type":"ListItem","position":1,"name":"Portada","item":"https:\/\/viveint.com\/wp\/"},{"@type":"ListItem","position":2,"name":"Contacto"}]},{"@type":"WebSite","@id":"https:\/\/viveint.com\/wp\/#website","url":"https:\/\/viveint.com\/wp\/","name":"VIVE INTERNACIONAL, S.A","description":"Distribuidora de productos electr\u00f3nicos y electrodom\u00e9sticos variados al por mayor.","publisher":{"@id":"https:\/\/viveint.com\/wp\/#organization"},"potentialAction":[{"@type":"SearchAction","target":{"@type":"EntryPoint","urlTemplate":"https:\/\/viveint.com\/wp\/?s={search_term_string}"},"query-input":{"@type":"PropertyValueSpecification","valueRequired":true,"valueName":"search_term_string"}}],"inLanguage":"es"},{"@type":"Organization","@id":"https:\/\/viveint.com\/wp\/#organization","name":"VIVE INTERNACIONAL, S.A","url":"https:\/\/viveint.com\/wp\/","logo":{"@type":"ImageObject","inLanguage":"es","@id":"https:\/\/viveint.com\/wp\/#\/schema\/logo\/image\/","url":"https:\/\/viveint.com\/wp-content\/uploads\/2024\/10\/VIVE-512x512-1.png","contentUrl":"https:\/\/viveint.com\/wp-content\/uploads\/2024\/10\/VIVE-512x512-1.png","width":512,"height":512,"caption":"VIVE INTERNACIONAL, S.A"},"image":{"@id":"https:\/\/viveint.com\/wp\/#\/schema\/logo\/image\/"},"sameAs":["https:\/\/www.facebook.com\/people\/Vive-Internacional\/100093043990181\/","https:\/\/www.instagram.com\/vive_internacional\/"]}]}},"_links":{"self":[{"href":"https:\/\/viveint.com\/wp\/wp-json\/wp\/v2\/pages\/24","targetHints":{"allow":["GET"]}}],"collection":[{"href":"https:\/\/viveint.com\/wp\/wp-json\/wp\/v2\/pages"}],"about":[{"href":"https:\/\/viveint.com\/wp\/wp-json\/wp\/v2\/types\/page"}],"author":[{"embeddable":true,"href":"https:\/\/viveint.com\/wp\/wp-json\/wp\/v2\/users\/1"}],"replies":[{"embeddable":true,"href":"https:\/\/viveint.com\/wp\/wp-json\/wp\/v2\/comments?post=24"}],"version-history":[{"count":16,"href":"https:\/\/viveint.com\/wp\/wp-json\/wp\/v2\/pages\/24\/revisions"}],"predecessor-version":[{"id":3378,"href":"https:\/\/viveint.com\/wp\/wp-json\/wp\/v2\/pages\/24\/revisions\/3378"}],"wp:attachment":[{"href":"https:\/\/viveint.com\/wp\/wp-json\/wp\/v2\/media?parent=24"}],"curies":[{"name":"wp","href":"https:\/\/api.w.org\/{rel}","templated":true}]}}